{"id":9013,"date":"2023-02-20T15:50:49","date_gmt":"2023-02-20T14:50:49","guid":{"rendered":"https:\/\/mediatrio.se\/?page_id=9013"},"modified":"2024-06-19T17:12:25","modified_gmt":"2024-06-19T15:12:25","slug":"tidningsarkiv","status":"publish","type":"page","link":"https:\/\/kunder.bulta.se\/mediatrio24\/lasare\/tidningsarkiv\/","title":{"rendered":"Tidningsarkiv"},"content":{"rendered":"<div class=\"media-innan-artikeltexten media-entity-placement\" id=\"media-4014340715\"><div id=\"exempelannons\" class=\"exempelannons\" style=\"margin-left: auto;margin-right: auto;text-align: center;\"><a href=\"https:\/\/google.se\" aria-label=\"ad_placeholder\"><img loading=\"lazy\" decoding=\"async\" src=\"https:\/\/kunder.bulta.se\/mediatrio24\/wp-content\/uploads\/2024\/06\/ad_placeholder-e1725346111228.png\" alt=\"\"  srcset=\"https:\/\/kunder.bulta.se\/mediatrio24\/wp-content\/uploads\/2024\/06\/ad_placeholder-e1725346111228.png 1692w, https:\/\/kunder.bulta.se\/mediatrio24\/wp-content\/uploads\/2024\/06\/ad_placeholder-e1725346111228-300x133.png 300w, https:\/\/kunder.bulta.se\/mediatrio24\/wp-content\/uploads\/2024\/06\/ad_placeholder-e1725346111228-1024x455.png 1024w, https:\/\/kunder.bulta.se\/mediatrio24\/wp-content\/uploads\/2024\/06\/ad_placeholder-e1725346111228-768x341.png 768w, https:\/\/kunder.bulta.se\/mediatrio24\/wp-content\/uploads\/2024\/06\/ad_placeholder-e1725346111228-1536x683.png 1536w, https:\/\/kunder.bulta.se\/mediatrio24\/wp-content\/uploads\/2024\/06\/ad_placeholder-e1725346111228-1080x480.png 1080w\" sizes=\"(max-width: 1692px) 100vw, 1692px\" width=\"1692\" height=\"872\"  style=\"display: inline-block;\" \/><\/a><\/div><\/div>\n<p><strong>L\u00e4s v\u00e5ra tidningar digitalt<\/strong><\/p>\n\n\n\n<p>H\u00e4r kan du l\u00e4sa de senaste och tidigare nummer av ValdemarsviksBladet, \u00c5tvidabergsplatsen och Gamlebyplatsen.<\/p><div class=\"media-i-artikeltexten media-entity-placement\" id=\"media-2233276427\"><div id=\"exempelannons\" class=\"exempelannons\" style=\"margin-left: auto;margin-right: auto;text-align: center;\"><a href=\"https:\/\/google.se\" aria-label=\"ad_placeholder\"><img loading=\"lazy\" decoding=\"async\" src=\"https:\/\/kunder.bulta.se\/mediatrio24\/wp-content\/uploads\/2024\/06\/ad_placeholder-e1725346111228.png\" alt=\"\"  srcset=\"https:\/\/kunder.bulta.se\/mediatrio24\/wp-content\/uploads\/2024\/06\/ad_placeholder-e1725346111228.png 1692w, https:\/\/kunder.bulta.se\/mediatrio24\/wp-content\/uploads\/2024\/06\/ad_placeholder-e1725346111228-300x133.png 300w, https:\/\/kunder.bulta.se\/mediatrio24\/wp-content\/uploads\/2024\/06\/ad_placeholder-e1725346111228-1024x455.png 1024w, https:\/\/kunder.bulta.se\/mediatrio24\/wp-content\/uploads\/2024\/06\/ad_placeholder-e1725346111228-768x341.png 768w, https:\/\/kunder.bulta.se\/mediatrio24\/wp-content\/uploads\/2024\/06\/ad_placeholder-e1725346111228-1536x683.png 1536w, https:\/\/kunder.bulta.se\/mediatrio24\/wp-content\/uploads\/2024\/06\/ad_placeholder-e1725346111228-1080x480.png 1080w\" sizes=\"(max-width: 1692px) 100vw, 1692px\" width=\"1692\" height=\"872\"  style=\"display: inline-block;\" \/><\/a><\/div><\/div>\n\n\n\n<p>I arkivet har vi nummer sedan januari 2022.<\/p>\n\n\n\n<p><a href=\"https:\/\/etidning.mediatrio.se\/\" target=\"_blank\" rel=\"noreferrer noopener\">Klicka h\u00e4r f\u00f6r att komma till v\u00e5ra digitala tidningar >>><\/a> <\/p>\n\n\n\n<p><strong><em>Trevlig l\u00e4sning!<\/em><\/strong><\/p>\n<div class=\"media-efter-artikeltexten media-entity-placement\" id=\"media-2054715887\"><div id=\"exempelannons\" class=\"exempelannons\" style=\"margin-left: auto;margin-right: auto;text-align: center;\"><a href=\"https:\/\/google.se\" aria-label=\"ad_placeholder\"><img loading=\"lazy\" decoding=\"async\" src=\"https:\/\/kunder.bulta.se\/mediatrio24\/wp-content\/uploads\/2024\/06\/ad_placeholder-e1725346111228.png\" alt=\"\"  srcset=\"https:\/\/kunder.bulta.se\/mediatrio24\/wp-content\/uploads\/2024\/06\/ad_placeholder-e1725346111228.png 1692w, https:\/\/kunder.bulta.se\/mediatrio24\/wp-content\/uploads\/2024\/06\/ad_placeholder-e1725346111228-300x133.png 300w, https:\/\/kunder.bulta.se\/mediatrio24\/wp-content\/uploads\/2024\/06\/ad_placeholder-e1725346111228-1024x455.png 1024w, https:\/\/kunder.bulta.se\/mediatrio24\/wp-content\/uploads\/2024\/06\/ad_placeholder-e1725346111228-768x341.png 768w, https:\/\/kunder.bulta.se\/mediatrio24\/wp-content\/uploads\/2024\/06\/ad_placeholder-e1725346111228-1536x683.png 1536w, https:\/\/kunder.bulta.se\/mediatrio24\/wp-content\/uploads\/2024\/06\/ad_placeholder-e1725346111228-1080x480.png 1080w\" sizes=\"(max-width: 1692px) 100vw, 1692px\" width=\"1692\" height=\"872\"  style=\"display: inline-block;\" \/><\/a><\/div><\/div>","protected":false},"excerpt":{"rendered":"<p>L\u00e4s v\u00e5ra tidningar digitalt H\u00e4r kan du l\u00e4sa de senaste och tidigare nummer av ValdemarsviksBladet, \u00c5tvidabergsplatsen och Gamlebyplatsen. I arkivet har vi nummer sedan januari 2022. Klicka h\u00e4r f\u00f6r att komma till v\u00e5ra digitala tidningar >>> Trevlig l\u00e4sning!<\/p>\n","protected":false},"author":3,"featured_media":8989,"parent":11405,"menu_order":0,"comment_status":"closed","ping_status":"closed","template":"","meta":{"_et_pb_use_builder":"","_et_pb_old_content":"","_et_gb_content_width":"","_exactmetrics_skip_tracking":false,"_exactmetrics_sitenote_active":false,"_exactmetrics_sitenote_note":"","_exactmetrics_sitenote_category":0,"_monsterinsights_skip_tracking":false,"_monsterinsights_sitenote_active":false,"_monsterinsights_sitenote_note":"","_monsterinsights_sitenote_category":0,"footnotes":""},"class_list":["post-9013","page","type-page","status-publish","has-post-thumbnail","hentry"],"yoast_head":"<!-- This site is optimized with the Yoast SEO Premium plugin v21.8 (Yoast SEO v27.3) - https:\/\/yoast.com\/product\/yoast-seo-premium-wordpress\/ -->\n<title>Tidningsarkiv - MediaTrio AB | Tidningar | Fokus p\u00e5 det lokala livet<\/title>\n<meta name=\"robots\" content=\"noindex, follow, max-snippet:-1, max-image-preview:large, max-video-preview:-1\" \/>\n<meta property=\"og:locale\" content=\"sv_SE\" \/>\n<meta property=\"og:type\" content=\"article\" \/>\n<meta property=\"og:title\" content=\"Tidningsarkiv\" \/>\n<meta property=\"og:description\" content=\"L\u00e4s v\u00e5ra tidningar digitalt H\u00e4r kan du l\u00e4sa de senaste och tidigare nummer av ValdemarsviksBladet, \u00c5tvidabergsplatsen och Gamlebyplatsen. I arkivet har vi nummer sedan januari 2022. Klicka h\u00e4r f\u00f6r att komma till v\u00e5ra digitala tidningar &gt;&gt;&gt; Trevlig l\u00e4sning!\" \/>\n<meta property=\"og:url\" content=\"https:\/\/kunder.bulta.se\/mediatrio24\/lasare\/tidningsarkiv\/\" \/>\n<meta property=\"og:site_name\" content=\"MediaTrio AB | Tidningar | Fokus p\u00e5 det lokala livet\" \/>\n<meta property=\"article:publisher\" content=\"http:\/\/www.facebook.com\/mediatrio\" \/>\n<meta property=\"article:modified_time\" content=\"2024-06-19T15:12:25+00:00\" \/>\n<meta property=\"og:image\" content=\"https:\/\/kunder.bulta.se\/mediatrio24\/wp-content\/uploads\/2023\/02\/IMG_6701-e1676899137503.jpg\" \/>\n\t<meta property=\"og:image:width\" content=\"1161\" \/>\n\t<meta property=\"og:image:height\" content=\"504\" \/>\n\t<meta property=\"og:image:type\" content=\"image\/jpeg\" \/>\n<meta name=\"twitter:card\" content=\"summary_large_image\" \/>\n<meta name=\"twitter:site\" content=\"@turistcenter\" \/>\n<meta name=\"twitter:label1\" content=\"Ber\u00e4knad l\u00e4stid\" \/>\n\t<meta name=\"twitter:data1\" content=\"1 minut\" \/>\n<!-- \/ Yoast SEO Premium plugin. -->","yoast_head_json":{"title":"Tidningsarkiv - MediaTrio AB | Tidningar | Fokus p\u00e5 det lokala livet","robots":{"index":"noindex","follow":"follow","max-snippet":"max-snippet:-1","max-image-preview":"max-image-preview:large","max-video-preview":"max-video-preview:-1"},"og_locale":"sv_SE","og_type":"article","og_title":"Tidningsarkiv","og_description":"L\u00e4s v\u00e5ra tidningar digitalt H\u00e4r kan du l\u00e4sa de senaste och tidigare nummer av ValdemarsviksBladet, \u00c5tvidabergsplatsen och Gamlebyplatsen. I arkivet har vi nummer sedan januari 2022. Klicka h\u00e4r f\u00f6r att komma till v\u00e5ra digitala tidningar >>> Trevlig l\u00e4sning!","og_url":"https:\/\/kunder.bulta.se\/mediatrio24\/lasare\/tidningsarkiv\/","og_site_name":"MediaTrio AB | Tidningar | Fokus p\u00e5 det lokala livet","article_publisher":"http:\/\/www.facebook.com\/mediatrio","article_modified_time":"2024-06-19T15:12:25+00:00","og_image":[{"width":1161,"height":504,"url":"https:\/\/kunder.bulta.se\/mediatrio24\/wp-content\/uploads\/2023\/02\/IMG_6701-e1676899137503.jpg","type":"image\/jpeg"}],"twitter_card":"summary_large_image","twitter_site":"@turistcenter","twitter_misc":{"Ber\u00e4knad l\u00e4stid":"1 minut"},"schema":{"@context":"https:\/\/schema.org","@graph":[{"@type":"WebPage","@id":"https:\/\/kunder.bulta.se\/mediatrio24\/lasare\/tidningsarkiv\/","url":"https:\/\/kunder.bulta.se\/mediatrio24\/lasare\/tidningsarkiv\/","name":"Tidningsarkiv - MediaTrio AB | Tidningar | Fokus p\u00e5 det lokala livet","isPartOf":{"@id":"https:\/\/kunder.bulta.se\/mediatrio24\/#website"},"primaryImageOfPage":{"@id":"https:\/\/kunder.bulta.se\/mediatrio24\/lasare\/tidningsarkiv\/#primaryimage"},"image":{"@id":"https:\/\/kunder.bulta.se\/mediatrio24\/lasare\/tidningsarkiv\/#primaryimage"},"thumbnailUrl":"https:\/\/kunder.bulta.se\/mediatrio24\/wp-content\/uploads\/2023\/02\/IMG_6701-e1676899137503.jpg","datePublished":"2023-02-20T14:50:49+00:00","dateModified":"2024-06-19T15:12:25+00:00","breadcrumb":{"@id":"https:\/\/kunder.bulta.se\/mediatrio24\/lasare\/tidningsarkiv\/#breadcrumb"},"inLanguage":"sv-SE","potentialAction":[{"@type":"ReadAction","target":["https:\/\/kunder.bulta.se\/mediatrio24\/lasare\/tidningsarkiv\/"]}]},{"@type":"ImageObject","inLanguage":"sv-SE","@id":"https:\/\/kunder.bulta.se\/mediatrio24\/lasare\/tidningsarkiv\/#primaryimage","url":"https:\/\/kunder.bulta.se\/mediatrio24\/wp-content\/uploads\/2023\/02\/IMG_6701-e1676899137503.jpg","contentUrl":"https:\/\/kunder.bulta.se\/mediatrio24\/wp-content\/uploads\/2023\/02\/IMG_6701-e1676899137503.jpg","width":1161,"height":504},{"@type":"BreadcrumbList","@id":"https:\/\/kunder.bulta.se\/mediatrio24\/lasare\/tidningsarkiv\/#breadcrumb","itemListElement":[{"@type":"ListItem","position":1,"name":"Hem","item":"https:\/\/kunder.bulta.se\/mediatrio24\/"},{"@type":"ListItem","position":2,"name":"L\u00e4sare","item":"https:\/\/kunder.bulta.se\/mediatrio24\/lasare\/"},{"@type":"ListItem","position":3,"name":"Tidningsarkiv"}]},{"@type":"WebSite","@id":"https:\/\/kunder.bulta.se\/mediatrio24\/#website","url":"https:\/\/kunder.bulta.se\/mediatrio24\/","name":"MediaTrio AB | Tidningar | Fokus p\u00e5 det lokala livet","description":"ValdemarsviksBladet | \u00c5tvidabergsplatsen | Gamlebyplatsen","publisher":{"@id":"https:\/\/kunder.bulta.se\/mediatrio24\/#organization"},"potentialAction":[{"@type":"SearchAction","target":{"@type":"EntryPoint","urlTemplate":"https:\/\/kunder.bulta.se\/mediatrio24\/?s={search_term_string}"},"query-input":{"@type":"PropertyValueSpecification","valueRequired":true,"valueName":"search_term_string"}}],"inLanguage":"sv-SE"},{"@type":"Organization","@id":"https:\/\/kunder.bulta.se\/mediatrio24\/#organization","name":"MediaTrio AB","url":"https:\/\/kunder.bulta.se\/mediatrio24\/","logo":{"@type":"ImageObject","inLanguage":"sv-SE","@id":"https:\/\/kunder.bulta.se\/mediatrio24\/#\/schema\/logo\/image\/","url":"https:\/\/kunder.bulta.se\/mediatrio24\/wp-content\/uploads\/2022\/08\/4BB26FAD-690D-4B82-82AC-2254E508623D.jpeg","contentUrl":"https:\/\/kunder.bulta.se\/mediatrio24\/wp-content\/uploads\/2022\/08\/4BB26FAD-690D-4B82-82AC-2254E508623D.jpeg","width":2160,"height":1232,"caption":"MediaTrio AB"},"image":{"@id":"https:\/\/kunder.bulta.se\/mediatrio24\/#\/schema\/logo\/image\/"},"sameAs":["http:\/\/www.facebook.com\/mediatrio","https:\/\/x.com\/turistcenter","http:\/\/www.facebook.com\/valdemarsviksbladet","http:\/\/www.facebook.com\/atvidabergsplatsen","http:\/\/www.facebook.com\/gamlebyplatsen","http:\/\/www.facebook.com\/valdemarsviksportalen"]}]}},"_links":{"self":[{"href":"https:\/\/kunder.bulta.se\/mediatrio24\/wp-json\/wp\/v2\/pages\/9013","targetHints":{"allow":["GET"]}}],"collection":[{"href":"https:\/\/kunder.bulta.se\/mediatrio24\/wp-json\/wp\/v2\/pages"}],"about":[{"href":"https:\/\/kunder.bulta.se\/mediatrio24\/wp-json\/wp\/v2\/types\/page"}],"author":[{"embeddable":true,"href":"https:\/\/kunder.bulta.se\/mediatrio24\/wp-json\/wp\/v2\/users\/3"}],"replies":[{"embeddable":true,"href":"https:\/\/kunder.bulta.se\/mediatrio24\/wp-json\/wp\/v2\/comments?post=9013"}],"version-history":[{"count":2,"href":"https:\/\/kunder.bulta.se\/mediatrio24\/wp-json\/wp\/v2\/pages\/9013\/revisions"}],"predecessor-version":[{"id":9017,"href":"https:\/\/kunder.bulta.se\/mediatrio24\/wp-json\/wp\/v2\/pages\/9013\/revisions\/9017"}],"up":[{"embeddable":true,"href":"https:\/\/kunder.bulta.se\/mediatrio24\/wp-json\/wp\/v2\/pages\/11405"}],"wp:featuredmedia":[{"embeddable":true,"href":"https:\/\/kunder.bulta.se\/mediatrio24\/wp-json\/wp\/v2\/media\/8989"}],"wp:attachment":[{"href":"https:\/\/kunder.bulta.se\/mediatrio24\/wp-json\/wp\/v2\/media?parent=9013"}],"curies":[{"name":"wp","href":"https:\/\/api.w.org\/{rel}","templated":true}]}}