{"id":8990,"date":"2023-02-20T15:16:11","date_gmt":"2023-02-20T14:16:11","guid":{"rendered":"https:\/\/mediatrio.se\/?page_id=8990"},"modified":"2024-06-19T17:14:22","modified_gmt":"2024-06-19T15:14:22","slug":"vara-tidningar-som-e-tidningar-och-mobilapp","status":"publish","type":"page","link":"https:\/\/kunder.bulta.se\/mediatrio24\/lasare\/vara-tidningar-som-e-tidningar-och-mobilapp\/","title":{"rendered":"V\u00e5ra tidningar som E-tidningar och mobilapp"},"content":{"rendered":"<div class=\"media-innan-artikeltexten media-entity-placement\" id=\"media-4137090833\"><div id=\"exempelannons\" class=\"exempelannons\" style=\"margin-left: auto;margin-right: auto;text-align: center;\"><a href=\"https:\/\/google.se\" aria-label=\"ad_placeholder\"><img loading=\"lazy\" decoding=\"async\" src=\"https:\/\/kunder.bulta.se\/mediatrio24\/wp-content\/uploads\/2024\/06\/ad_placeholder-e1725346111228.png\" alt=\"\"  srcset=\"https:\/\/kunder.bulta.se\/mediatrio24\/wp-content\/uploads\/2024\/06\/ad_placeholder-e1725346111228.png 1692w, https:\/\/kunder.bulta.se\/mediatrio24\/wp-content\/uploads\/2024\/06\/ad_placeholder-e1725346111228-300x133.png 300w, https:\/\/kunder.bulta.se\/mediatrio24\/wp-content\/uploads\/2024\/06\/ad_placeholder-e1725346111228-1024x455.png 1024w, https:\/\/kunder.bulta.se\/mediatrio24\/wp-content\/uploads\/2024\/06\/ad_placeholder-e1725346111228-768x341.png 768w, https:\/\/kunder.bulta.se\/mediatrio24\/wp-content\/uploads\/2024\/06\/ad_placeholder-e1725346111228-1536x683.png 1536w, https:\/\/kunder.bulta.se\/mediatrio24\/wp-content\/uploads\/2024\/06\/ad_placeholder-e1725346111228-1080x480.png 1080w\" sizes=\"(max-width: 1692px) 100vw, 1692px\" width=\"1692\" height=\"872\"  style=\"display: inline-block;\" \/><\/a><\/div><\/div>\n<p><strong>Nu tar vi n\u00e4sta steg i v\u00e5r utveckling av tidningarna, med ut\u00f6kad digital n\u00e4rvaro. De tryckta papperstidningarna kommer forts\u00e4ttningsvis vara v\u00e5r huvudprodukt, men vi vill g\u00f6ra tidningarna mer tillg\u00e4nglig f\u00f6r alla.<\/strong><\/p>\n\n\n\n<p>Vi har sedan m\u00e5nga \u00e5r haft bl\u00e4ddringsbara PDF-tidningar, men nu f\u00e5r tidningarna flera och f\u00f6rb\u00e4ttrade funktioner. Tidningarna finns h\u00e4r p\u00e5 v\u00e5r <a href=\"https:\/\/kunder.bulta.se\/mediatrio24\/tidningsarkiv\/\">hemsida<\/a> samt i en mobilapp f\u00f6r b\u00e5de Android och iPhone (iOS).<\/p><div class=\"media-i-artikeltexten media-entity-placement\" id=\"media-4125701274\"><div id=\"exempelannons\" class=\"exempelannons\" style=\"margin-left: auto;margin-right: auto;text-align: center;\"><a href=\"https:\/\/google.se\" aria-label=\"ad_placeholder\"><img loading=\"lazy\" decoding=\"async\" src=\"https:\/\/kunder.bulta.se\/mediatrio24\/wp-content\/uploads\/2024\/06\/ad_placeholder-e1725346111228.png\" alt=\"\"  srcset=\"https:\/\/kunder.bulta.se\/mediatrio24\/wp-content\/uploads\/2024\/06\/ad_placeholder-e1725346111228.png 1692w, https:\/\/kunder.bulta.se\/mediatrio24\/wp-content\/uploads\/2024\/06\/ad_placeholder-e1725346111228-300x133.png 300w, https:\/\/kunder.bulta.se\/mediatrio24\/wp-content\/uploads\/2024\/06\/ad_placeholder-e1725346111228-1024x455.png 1024w, https:\/\/kunder.bulta.se\/mediatrio24\/wp-content\/uploads\/2024\/06\/ad_placeholder-e1725346111228-768x341.png 768w, https:\/\/kunder.bulta.se\/mediatrio24\/wp-content\/uploads\/2024\/06\/ad_placeholder-e1725346111228-1536x683.png 1536w, https:\/\/kunder.bulta.se\/mediatrio24\/wp-content\/uploads\/2024\/06\/ad_placeholder-e1725346111228-1080x480.png 1080w\" sizes=\"(max-width: 1692px) 100vw, 1692px\" width=\"1692\" height=\"872\"  style=\"display: inline-block;\" \/><\/a><\/div><\/div>\n\n\n\n<p>Fr\u00e4mst riktar sig dessa funktioner till personer med synneds\u00e4ttning, d\u00e4r artiklarna kan anpassas beroende p\u00e5 vad man \u00f6nskar. Det g\u00e5r att byta stil och storlek p\u00e5 bokst\u00e4verna och man kan f\u00e5 artiklarna uppl\u00e4sta av en datoriserad r\u00f6st.<\/p>\n\n\n\n<p>Med en nedladdad mobilapp har du \u00e4ven tidningarna med dig var du \u00e4n \u00e4r p\u00e5 ett enkelt s\u00e4tt. Det g\u00e5r att ladda ner tidningarna s\u00e5 du kan l\u00e4sa dem offline och inte ta av eventuell surfpott p\u00e5 din telefon eller om t\u00e4ckningen inte \u00e4r tillr\u00e4ckligt bra. Dessutom tror vi att vi kommer n\u00e5 ut till fler, personer som f\u00f6redrar digitalt inneh\u00e5ll framf\u00f6r en papperstidning.<\/p>\n\n\n\n<p>Ladda ner mobilappen &#8220;MediaTrio &#8211; En trio tidningar&#8221; redan idag p\u00e5 <a href=\"https:\/\/apps.apple.com\/se\/app\/mediatrio-en-trio-tidningar\/id1670711087\" target=\"_blank\" rel=\"noreferrer noopener\">App Store<\/a> eller <a href=\"https:\/\/play.google.com\/store\/apps\/details?id=com.prenly.mediatrio\" target=\"_blank\" rel=\"noreferrer noopener\">Google Play<\/a>.<br>Mobilappen \u00e4r gratis och inneh\u00e5ller inga krav p\u00e5 k\u00f6p.<\/p>\n\n\n\n<figure class=\"wp-block-image size-large is-resized\"><a href=\"https:\/\/etidning.mediatrio.se\/\" target=\"_blank\" rel=\"noreferrer noopener\"><img loading=\"lazy\" decoding=\"async\" src=\"https:\/\/kunder.bulta.se\/mediatrio24\/wp-content\/uploads\/2023\/02\/IkonAppMediaTrio-1024x1024.png\" alt=\"\" class=\"wp-image-9002\" width=\"151\" height=\"151\" srcset=\"https:\/\/kunder.bulta.se\/mediatrio24\/wp-content\/uploads\/2023\/02\/IkonAppMediaTrio-1024x1024.png 1024w, https:\/\/kunder.bulta.se\/mediatrio24\/wp-content\/uploads\/2023\/02\/IkonAppMediaTrio-300x300.png 300w, https:\/\/kunder.bulta.se\/mediatrio24\/wp-content\/uploads\/2023\/02\/IkonAppMediaTrio-150x150.png 150w, https:\/\/kunder.bulta.se\/mediatrio24\/wp-content\/uploads\/2023\/02\/IkonAppMediaTrio-768x768.png 768w, https:\/\/kunder.bulta.se\/mediatrio24\/wp-content\/uploads\/2023\/02\/IkonAppMediaTrio-1536x1536.png 1536w, https:\/\/kunder.bulta.se\/mediatrio24\/wp-content\/uploads\/2023\/02\/IkonAppMediaTrio-2048x2048.png 2048w\" sizes=\"auto, (max-width: 151px) 100vw, 151px\" \/><\/a><\/figure>\n\n\n\n<figure class=\"wp-block-image size-full is-resized\"><a href=\"https:\/\/apps.apple.com\/se\/app\/mediatrio-en-trio-tidningar\/id1670711087\" target=\"_blank\" rel=\"noreferrer noopener\"><img loading=\"lazy\" decoding=\"async\" src=\"https:\/\/kunder.bulta.se\/mediatrio24\/wp-content\/uploads\/2023\/02\/AppStore.png\" alt=\"\" class=\"wp-image-8998\" width=\"150\" height=\"43\" srcset=\"https:\/\/kunder.bulta.se\/mediatrio24\/wp-content\/uploads\/2023\/02\/AppStore.png 475w, https:\/\/kunder.bulta.se\/mediatrio24\/wp-content\/uploads\/2023\/02\/AppStore-300x87.png 300w\" sizes=\"auto, (max-width: 150px) 100vw, 150px\" \/><\/a><\/figure>\n\n\n\n<figure class=\"wp-block-image size-full is-resized\"><a href=\"https:\/\/play.google.com\/store\/apps\/details?id=com.prenly.mediatrio\" target=\"_blank\" rel=\"noreferrer noopener\"><img loading=\"lazy\" decoding=\"async\" src=\"https:\/\/kunder.bulta.se\/mediatrio24\/wp-content\/uploads\/2023\/02\/GooglePlay.png\" alt=\"\" class=\"wp-image-8999\" width=\"150\" height=\"43\" srcset=\"https:\/\/kunder.bulta.se\/mediatrio24\/wp-content\/uploads\/2023\/02\/GooglePlay.png 475w, https:\/\/kunder.bulta.se\/mediatrio24\/wp-content\/uploads\/2023\/02\/GooglePlay-300x87.png 300w\" sizes=\"auto, (max-width: 150px) 100vw, 150px\" \/><\/a><\/figure>\n<div class=\"media-efter-artikeltexten media-entity-placement\" id=\"media-4144471648\"><div id=\"exempelannons\" class=\"exempelannons\" style=\"margin-left: auto;margin-right: auto;text-align: center;\"><a href=\"https:\/\/google.se\" aria-label=\"ad_placeholder\"><img loading=\"lazy\" decoding=\"async\" src=\"https:\/\/kunder.bulta.se\/mediatrio24\/wp-content\/uploads\/2024\/06\/ad_placeholder-e1725346111228.png\" alt=\"\"  srcset=\"https:\/\/kunder.bulta.se\/mediatrio24\/wp-content\/uploads\/2024\/06\/ad_placeholder-e1725346111228.png 1692w, https:\/\/kunder.bulta.se\/mediatrio24\/wp-content\/uploads\/2024\/06\/ad_placeholder-e1725346111228-300x133.png 300w, https:\/\/kunder.bulta.se\/mediatrio24\/wp-content\/uploads\/2024\/06\/ad_placeholder-e1725346111228-1024x455.png 1024w, https:\/\/kunder.bulta.se\/mediatrio24\/wp-content\/uploads\/2024\/06\/ad_placeholder-e1725346111228-768x341.png 768w, https:\/\/kunder.bulta.se\/mediatrio24\/wp-content\/uploads\/2024\/06\/ad_placeholder-e1725346111228-1536x683.png 1536w, https:\/\/kunder.bulta.se\/mediatrio24\/wp-content\/uploads\/2024\/06\/ad_placeholder-e1725346111228-1080x480.png 1080w\" sizes=\"(max-width: 1692px) 100vw, 1692px\" width=\"1692\" height=\"872\"  style=\"display: inline-block;\" \/><\/a><\/div><\/div>","protected":false},"excerpt":{"rendered":"<p>Nu tar vi n\u00e4sta steg i v\u00e5r utveckling av tidningarna, med ut\u00f6kad digital n\u00e4rvaro. De tryckta papperstidningarna kommer forts\u00e4ttningsvis vara v\u00e5r huvudprodukt, men vi vill g\u00f6ra tidningarna mer tillg\u00e4nglig f\u00f6r alla. Vi har sedan m\u00e5nga \u00e5r haft bl\u00e4ddringsbara PDF-tidningar, men nu f\u00e5r tidningarna flera och f\u00f6rb\u00e4ttrade funktioner. Tidningarna finns h\u00e4r p\u00e5 v\u00e5r hemsida samt i [&hellip;]<\/p>\n","protected":false},"author":3,"featured_media":8993,"parent":11405,"menu_order":0,"comment_status":"closed","ping_status":"closed","template":"","meta":{"_et_pb_use_builder":"","_et_pb_old_content":"","_et_gb_content_width":"","_exactmetrics_skip_tracking":false,"_exactmetrics_sitenote_active":false,"_exactmetrics_sitenote_note":"","_exactmetrics_sitenote_category":0,"_monsterinsights_skip_tracking":false,"_monsterinsights_sitenote_active":false,"_monsterinsights_sitenote_note":"","_monsterinsights_sitenote_category":0,"footnotes":""},"class_list":["post-8990","page","type-page","status-publish","has-post-thumbnail","hentry"],"yoast_head":"<!-- This site is optimized with the Yoast SEO Premium plugin v21.8 (Yoast SEO v27.3) - https:\/\/yoast.com\/product\/yoast-seo-premium-wordpress\/ -->\n<title>V\u00e5ra tidningar som E-tidningar och mobilapp - MediaTrio AB | Tidningar | Fokus p\u00e5 det lokala livet<\/title>\n<meta name=\"robots\" content=\"noindex, follow, max-snippet:-1, max-image-preview:large, max-video-preview:-1\" \/>\n<meta property=\"og:locale\" content=\"sv_SE\" \/>\n<meta property=\"og:type\" content=\"article\" \/>\n<meta property=\"og:title\" content=\"V\u00e5ra tidningar som E-tidningar och mobilapp\" \/>\n<meta property=\"og:description\" content=\"Nu tar vi n\u00e4sta steg i v\u00e5r utveckling av tidningarna, med ut\u00f6kad digital n\u00e4rvaro. De tryckta papperstidningarna kommer forts\u00e4ttningsvis vara v\u00e5r huvudprodukt, men vi vill g\u00f6ra tidningarna mer tillg\u00e4nglig f\u00f6r alla. Vi har sedan m\u00e5nga \u00e5r haft bl\u00e4ddringsbara PDF-tidningar, men nu f\u00e5r tidningarna flera och f\u00f6rb\u00e4ttrade funktioner. Tidningarna finns h\u00e4r p\u00e5 v\u00e5r hemsida samt i [&hellip;]\" \/>\n<meta property=\"og:url\" content=\"https:\/\/kunder.bulta.se\/mediatrio24\/lasare\/vara-tidningar-som-e-tidningar-och-mobilapp\/\" \/>\n<meta property=\"og:site_name\" content=\"MediaTrio AB | Tidningar | Fokus p\u00e5 det lokala livet\" \/>\n<meta property=\"article:publisher\" content=\"http:\/\/www.facebook.com\/mediatrio\" \/>\n<meta property=\"article:modified_time\" content=\"2024-06-19T15:14:22+00:00\" \/>\n<meta property=\"og:image\" content=\"https:\/\/kunder.bulta.se\/mediatrio24\/wp-content\/uploads\/2023\/02\/Laptop-iPad-iPhone_VAG-1024x672.png\" \/>\n\t<meta property=\"og:image:width\" content=\"1024\" \/>\n\t<meta property=\"og:image:height\" content=\"672\" \/>\n\t<meta property=\"og:image:type\" content=\"image\/png\" \/>\n<meta name=\"twitter:card\" content=\"summary_large_image\" \/>\n<meta name=\"twitter:site\" content=\"@turistcenter\" \/>\n<meta name=\"twitter:label1\" content=\"Ber\u00e4knad l\u00e4stid\" \/>\n\t<meta name=\"twitter:data1\" content=\"2 minuter\" \/>\n<!-- \/ Yoast SEO Premium plugin. -->","yoast_head_json":{"title":"V\u00e5ra tidningar som E-tidningar och mobilapp - MediaTrio AB | Tidningar | Fokus p\u00e5 det lokala livet","robots":{"index":"noindex","follow":"follow","max-snippet":"max-snippet:-1","max-image-preview":"max-image-preview:large","max-video-preview":"max-video-preview:-1"},"og_locale":"sv_SE","og_type":"article","og_title":"V\u00e5ra tidningar som E-tidningar och mobilapp","og_description":"Nu tar vi n\u00e4sta steg i v\u00e5r utveckling av tidningarna, med ut\u00f6kad digital n\u00e4rvaro. De tryckta papperstidningarna kommer forts\u00e4ttningsvis vara v\u00e5r huvudprodukt, men vi vill g\u00f6ra tidningarna mer tillg\u00e4nglig f\u00f6r alla. Vi har sedan m\u00e5nga \u00e5r haft bl\u00e4ddringsbara PDF-tidningar, men nu f\u00e5r tidningarna flera och f\u00f6rb\u00e4ttrade funktioner. Tidningarna finns h\u00e4r p\u00e5 v\u00e5r hemsida samt i [&hellip;]","og_url":"https:\/\/kunder.bulta.se\/mediatrio24\/lasare\/vara-tidningar-som-e-tidningar-och-mobilapp\/","og_site_name":"MediaTrio AB | Tidningar | Fokus p\u00e5 det lokala livet","article_publisher":"http:\/\/www.facebook.com\/mediatrio","article_modified_time":"2024-06-19T15:14:22+00:00","og_image":[{"width":1024,"height":672,"url":"https:\/\/kunder.bulta.se\/mediatrio24\/wp-content\/uploads\/2023\/02\/Laptop-iPad-iPhone_VAG-1024x672.png","type":"image\/png"}],"twitter_card":"summary_large_image","twitter_site":"@turistcenter","twitter_misc":{"Ber\u00e4knad l\u00e4stid":"2 minuter"},"schema":{"@context":"https:\/\/schema.org","@graph":[{"@type":"WebPage","@id":"https:\/\/kunder.bulta.se\/mediatrio24\/lasare\/vara-tidningar-som-e-tidningar-och-mobilapp\/","url":"https:\/\/kunder.bulta.se\/mediatrio24\/lasare\/vara-tidningar-som-e-tidningar-och-mobilapp\/","name":"V\u00e5ra tidningar som E-tidningar och mobilapp - MediaTrio AB | Tidningar | Fokus p\u00e5 det lokala livet","isPartOf":{"@id":"http:\/\/kunder.bulta.se\/mediatrio24\/#website"},"primaryImageOfPage":{"@id":"https:\/\/kunder.bulta.se\/mediatrio24\/lasare\/vara-tidningar-som-e-tidningar-och-mobilapp\/#primaryimage"},"image":{"@id":"https:\/\/kunder.bulta.se\/mediatrio24\/lasare\/vara-tidningar-som-e-tidningar-och-mobilapp\/#primaryimage"},"thumbnailUrl":"https:\/\/kunder.bulta.se\/mediatrio24\/wp-content\/uploads\/2023\/02\/Laptop-iPad-iPhone_VAG.png","datePublished":"2023-02-20T14:16:11+00:00","dateModified":"2024-06-19T15:14:22+00:00","breadcrumb":{"@id":"https:\/\/kunder.bulta.se\/mediatrio24\/lasare\/vara-tidningar-som-e-tidningar-och-mobilapp\/#breadcrumb"},"inLanguage":"sv-SE","potentialAction":[{"@type":"ReadAction","target":["https:\/\/kunder.bulta.se\/mediatrio24\/lasare\/vara-tidningar-som-e-tidningar-och-mobilapp\/"]}]},{"@type":"ImageObject","inLanguage":"sv-SE","@id":"https:\/\/kunder.bulta.se\/mediatrio24\/lasare\/vara-tidningar-som-e-tidningar-och-mobilapp\/#primaryimage","url":"https:\/\/kunder.bulta.se\/mediatrio24\/wp-content\/uploads\/2023\/02\/Laptop-iPad-iPhone_VAG.png","contentUrl":"https:\/\/kunder.bulta.se\/mediatrio24\/wp-content\/uploads\/2023\/02\/Laptop-iPad-iPhone_VAG.png","width":2560,"height":1679},{"@type":"BreadcrumbList","@id":"https:\/\/kunder.bulta.se\/mediatrio24\/lasare\/vara-tidningar-som-e-tidningar-och-mobilapp\/#breadcrumb","itemListElement":[{"@type":"ListItem","position":1,"name":"Hem","item":"http:\/\/kunder.bulta.se\/mediatrio24\/"},{"@type":"ListItem","position":2,"name":"L\u00e4sare","item":"https:\/\/kunder.bulta.se\/mediatrio24\/lasare\/"},{"@type":"ListItem","position":3,"name":"V\u00e5ra tidningar som E-tidningar och mobilapp"}]},{"@type":"WebSite","@id":"http:\/\/kunder.bulta.se\/mediatrio24\/#website","url":"http:\/\/kunder.bulta.se\/mediatrio24\/","name":"MediaTrio AB | Tidningar | Fokus p\u00e5 det lokala livet","description":"ValdemarsviksBladet | \u00c5tvidabergsplatsen | Gamlebyplatsen","publisher":{"@id":"http:\/\/kunder.bulta.se\/mediatrio24\/#organization"},"potentialAction":[{"@type":"SearchAction","target":{"@type":"EntryPoint","urlTemplate":"http:\/\/kunder.bulta.se\/mediatrio24\/?s={search_term_string}"},"query-input":{"@type":"PropertyValueSpecification","valueRequired":true,"valueName":"search_term_string"}}],"inLanguage":"sv-SE"},{"@type":"Organization","@id":"http:\/\/kunder.bulta.se\/mediatrio24\/#organization","name":"MediaTrio AB","url":"http:\/\/kunder.bulta.se\/mediatrio24\/","logo":{"@type":"ImageObject","inLanguage":"sv-SE","@id":"http:\/\/kunder.bulta.se\/mediatrio24\/#\/schema\/logo\/image\/","url":"https:\/\/kunder.bulta.se\/mediatrio24\/wp-content\/uploads\/2022\/08\/4BB26FAD-690D-4B82-82AC-2254E508623D.jpeg","contentUrl":"https:\/\/kunder.bulta.se\/mediatrio24\/wp-content\/uploads\/2022\/08\/4BB26FAD-690D-4B82-82AC-2254E508623D.jpeg","width":2160,"height":1232,"caption":"MediaTrio AB"},"image":{"@id":"http:\/\/kunder.bulta.se\/mediatrio24\/#\/schema\/logo\/image\/"},"sameAs":["http:\/\/www.facebook.com\/mediatrio","https:\/\/x.com\/turistcenter","http:\/\/www.facebook.com\/valdemarsviksbladet","http:\/\/www.facebook.com\/atvidabergsplatsen","http:\/\/www.facebook.com\/gamlebyplatsen","http:\/\/www.facebook.com\/valdemarsviksportalen"]}]}},"_links":{"self":[{"href":"https:\/\/kunder.bulta.se\/mediatrio24\/wp-json\/wp\/v2\/pages\/8990","targetHints":{"allow":["GET"]}}],"collection":[{"href":"https:\/\/kunder.bulta.se\/mediatrio24\/wp-json\/wp\/v2\/pages"}],"about":[{"href":"https:\/\/kunder.bulta.se\/mediatrio24\/wp-json\/wp\/v2\/types\/page"}],"author":[{"embeddable":true,"href":"https:\/\/kunder.bulta.se\/mediatrio24\/wp-json\/wp\/v2\/users\/3"}],"replies":[{"embeddable":true,"href":"https:\/\/kunder.bulta.se\/mediatrio24\/wp-json\/wp\/v2\/comments?post=8990"}],"version-history":[{"count":5,"href":"https:\/\/kunder.bulta.se\/mediatrio24\/wp-json\/wp\/v2\/pages\/8990\/revisions"}],"predecessor-version":[{"id":9086,"href":"https:\/\/kunder.bulta.se\/mediatrio24\/wp-json\/wp\/v2\/pages\/8990\/revisions\/9086"}],"up":[{"embeddable":true,"href":"https:\/\/kunder.bulta.se\/mediatrio24\/wp-json\/wp\/v2\/pages\/11405"}],"wp:featuredmedia":[{"embeddable":true,"href":"https:\/\/kunder.bulta.se\/mediatrio24\/wp-json\/wp\/v2\/media\/8993"}],"wp:attachment":[{"href":"https:\/\/kunder.bulta.se\/mediatrio24\/wp-json\/wp\/v2\/media?parent=8990"}],"curies":[{"name":"wp","href":"https:\/\/api.w.org\/{rel}","templated":true}]}}