{"id":6909,"date":"2022-01-03T15:28:11","date_gmt":"2022-01-03T13:28:11","guid":{"rendered":"https:\/\/mediatrio.se\/?page_id=6909"},"modified":"2024-06-19T16:24:42","modified_gmt":"2024-06-19T14:24:42","slug":"info-annonsering-gamleby","status":"publish","type":"page","link":"https:\/\/kunder.bulta.se\/mediatrio24\/annonsera\/tryckta-tidningsannonser\/info-annonsering-gamleby\/","title":{"rendered":"Information om annonsering i omr\u00e5det Gamleby"},"content":{"rendered":"<div class=\"media-innan-artikeltexten media-entity-placement\" id=\"media-24116795\"><div id=\"exempelannons\" class=\"exempelannons\" style=\"margin-left: auto;margin-right: auto;text-align: center;\"><a href=\"https:\/\/google.se\" aria-label=\"ad_placeholder\"><img loading=\"lazy\" decoding=\"async\" src=\"https:\/\/kunder.bulta.se\/mediatrio24\/wp-content\/uploads\/2024\/06\/ad_placeholder-e1725346111228.png\" alt=\"\"  srcset=\"https:\/\/kunder.bulta.se\/mediatrio24\/wp-content\/uploads\/2024\/06\/ad_placeholder-e1725346111228.png 1692w, https:\/\/kunder.bulta.se\/mediatrio24\/wp-content\/uploads\/2024\/06\/ad_placeholder-e1725346111228-300x133.png 300w, https:\/\/kunder.bulta.se\/mediatrio24\/wp-content\/uploads\/2024\/06\/ad_placeholder-e1725346111228-1024x455.png 1024w, https:\/\/kunder.bulta.se\/mediatrio24\/wp-content\/uploads\/2024\/06\/ad_placeholder-e1725346111228-768x341.png 768w, https:\/\/kunder.bulta.se\/mediatrio24\/wp-content\/uploads\/2024\/06\/ad_placeholder-e1725346111228-1536x683.png 1536w, https:\/\/kunder.bulta.se\/mediatrio24\/wp-content\/uploads\/2024\/06\/ad_placeholder-e1725346111228-1080x480.png 1080w\" sizes=\"(max-width: 1692px) 100vw, 1692px\" width=\"1692\" height=\"872\"  style=\"display: inline-block;\" \/><\/a><\/div><\/div>\r\n<h1 class=\"wp-block-heading\">Om annonsering i papperstidningen Lokala Livet Gamleby (Gamlebyplatsen)<\/h1>\r\n<h2 id=\"h-fordelar-for-dig-som-annonsor\">F\u00f6rdelar f\u00f6r Dig som annons\u00f6r!<\/h2>\r\n\r\n\r\n\r\n<p><strong>Vi \u00e4r gratistidning och n\u00e5r 100% av alla hush\u00e5ll.<\/strong><br \/>Vi n\u00e5r \u00e4ven alla f\u00f6retag i Gamleby, postnummeromr\u00e5de 594.<br \/>Gamlebyplatsen delas ut i 4.500 exemplar. (nr 1-3 och 5-8)<\/p>\r\n\r\n\r\n\r\n<p><strong>Vi har ut\u00f6kad utdelning till alla fritidshus i <span style=\"text-decoration: underline;\">hela<\/span> utdelningsomr\u00e5det i juninumret.<\/strong><br \/>Gamlebyplatsen delas ut i 6.500 exemplar. (nr 4)<\/p><div class=\"media-i-artikeltexten media-entity-placement\" id=\"media-2774862872\"><div id=\"exempelannons\" class=\"exempelannons\" style=\"margin-left: auto;margin-right: auto;text-align: center;\"><a href=\"https:\/\/google.se\" aria-label=\"ad_placeholder\"><img loading=\"lazy\" decoding=\"async\" src=\"https:\/\/kunder.bulta.se\/mediatrio24\/wp-content\/uploads\/2024\/06\/ad_placeholder-e1725346111228.png\" alt=\"\"  srcset=\"https:\/\/kunder.bulta.se\/mediatrio24\/wp-content\/uploads\/2024\/06\/ad_placeholder-e1725346111228.png 1692w, https:\/\/kunder.bulta.se\/mediatrio24\/wp-content\/uploads\/2024\/06\/ad_placeholder-e1725346111228-300x133.png 300w, https:\/\/kunder.bulta.se\/mediatrio24\/wp-content\/uploads\/2024\/06\/ad_placeholder-e1725346111228-1024x455.png 1024w, https:\/\/kunder.bulta.se\/mediatrio24\/wp-content\/uploads\/2024\/06\/ad_placeholder-e1725346111228-768x341.png 768w, https:\/\/kunder.bulta.se\/mediatrio24\/wp-content\/uploads\/2024\/06\/ad_placeholder-e1725346111228-1536x683.png 1536w, https:\/\/kunder.bulta.se\/mediatrio24\/wp-content\/uploads\/2024\/06\/ad_placeholder-e1725346111228-1080x480.png 1080w\" sizes=\"(max-width: 1692px) 100vw, 1692px\" width=\"1692\" height=\"872\"  style=\"display: inline-block;\" \/><\/a><\/div><\/div>\r\n\r\n\r\n\r\n<p><strong>Vi kommer ut p\u00e5 tisdagar\/onsdagar.<\/strong><br \/>Fr\u00e5n och med 31\/1 2022 delas tidningen ut under tv\u00e5 dagar, <br \/>halva kommundelen dag 1 och andra halvan dag 2.<br \/>Tidningen delas ut p\u00e5 tisdagar\/onsdagar. Kan variera beroende p\u00e5 m\u00e5nad.<\/p>\r\n\r\n\r\n\r\n<p><strong>Vi hj\u00e4lper dig att g\u00f6ra din annons.<\/strong><br \/>Beh\u00f6ver du hj\u00e4lp att g\u00f6ra din annons s\u00e5 ing\u00e5r det i priset.<br \/>Du f\u00e5r ett f\u00f6rslag att godk\u00e4nna innan vi g\u00e5r i tryck.<br \/><br \/>Att vi \u00e4r gratistidning m\u00f6jligg\u00f6r kortare tid mellan annonsbokning och utgivning.<\/p>\r\n\r\n\r\n\r\n<h2 class=\"wp-block-heading\" id=\"h-rabatter-och-priser\">Rabatter och priser<\/h2>\r\n\r\n\r\n\r\n<p>Vi erbjuder ett rabattsystem:<br \/><strong>4 annonser &#8211; 5 % rabatt <br \/>8 annonser &#8211; 10 % rabatt<\/strong><br \/>G\u00e4ller vid samtidig bokning av annonser och med f\u00e4rdigt annonsmaterial eller upprepning av samma annons.<\/p>\r\n\r\n\r\n\r\n<p>Vi har \u00e4ven ett erbjudande till nystartade f\u00f6retagare.<br \/><strong>Boka 4 annonser och vi bjuder p\u00e5 4:e annonsen<\/strong><br \/>Ska vara samma storlek, annars minsta annonsstorleken om du v\u00e4ljer olika storlekar p\u00e5 annons.<br \/><br \/><strong>OBS! M\u00e5ste bokas i f\u00f6rv\u00e4g.<\/strong><\/p>\r\n\r\n\r\n\r\n<p><strong>Kontakta oss f\u00f6r information om v\u00e5ra annonspriser och erbjudanden<\/strong><br \/>Ringa 0123-121 81 eller mejla till <a href=\"mailto:anette@gamlebyplatsen.se\">anette@gamlebyplatsen.se<\/a>.<\/p>\r\n<hr \/>\r\n<h1>Utdelningsomr\u00e5de<\/h1>\r\n\r\n\r\n\r\n<p>Gamlebyplatsen kommer ut till alla hush\u00e5ll i Gamleby, postnummeromr\u00e5de 594.<br \/><br \/>Gamlebyplatsen kommer \u00e4ven ut till alla f\u00f6retag och kontor i utgivningsomr\u00e5det.<br \/><br \/>Juninumret \u00e4r \u00e4ven en sommarguide och delas, f\u00f6rutom ordinarie utdelning, \u00e4ven ut till <br \/>fritidshus\u00e4gare och turistbyr\u00e5er med flera.<\/p>\r\n\r\n\r\n\r\n<h2 class=\"wp-block-heading\" id=\"h-vi-nar-ut-till-era-primara-kunder\">Vi n\u00e5r ut till era prim\u00e4ra kunder!<\/h2>\r\n\r\n<p><img loading=\"lazy\" decoding=\"async\" class=\"wp-image-9056\" src=\"https:\/\/kunder.bulta.se\/mediatrio24\/wp-content\/uploads\/2023\/02\/Karta-utgivningsomradet-VAG-2023-1024x714.jpg\" alt=\"\" width=\"752\" height=\"523\" srcset=\"https:\/\/kunder.bulta.se\/mediatrio24\/wp-content\/uploads\/2023\/02\/Karta-utgivningsomradet-VAG-2023-1024x714.jpg 1024w, https:\/\/kunder.bulta.se\/mediatrio24\/wp-content\/uploads\/2023\/02\/Karta-utgivningsomradet-VAG-2023-300x209.jpg 300w, https:\/\/kunder.bulta.se\/mediatrio24\/wp-content\/uploads\/2023\/02\/Karta-utgivningsomradet-VAG-2023-768x535.jpg 768w, https:\/\/kunder.bulta.se\/mediatrio24\/wp-content\/uploads\/2023\/02\/Karta-utgivningsomradet-VAG-2023-392x272.jpg 392w, https:\/\/kunder.bulta.se\/mediatrio24\/wp-content\/uploads\/2023\/02\/Karta-utgivningsomradet-VAG-2023-130x90.jpg 130w, https:\/\/kunder.bulta.se\/mediatrio24\/wp-content\/uploads\/2023\/02\/Karta-utgivningsomradet-VAG-2023.jpg 1430w\" sizes=\"auto, (max-width: 752px) 100vw, 752px\" \/><\/p>\r\n<hr \/>\r\n<h1>Utgivningsdatum Gamlebyplatsen 2024<\/h1>\r\n<!-- \/wp:post-content -->\r\n\r\n<!-- wp:table {\"className\":\"is-style-stripes\"} -->\r\n<figure class=\"wp-block-table is-style-stripes\">\r\n<table>\r\n<tbody>\r\n<tr>\r\n<td><strong>Nummer<\/strong><\/td>\r\n<td><strong>Utgivningsdatum<\/strong><\/td>\r\n<td><strong>Annonsbokning<\/strong><br \/>(Senast kl. 16.00)<\/td>\r\n<td><strong>Upplaga<\/strong><\/td>\r\n<\/tr>\r\n<tr>\r\n<td><strong>Januari<\/strong><br \/><em>Nummer 1<\/em><\/td>\r\n<td><strong>Tisdag 23\/1 &amp; Onsdag 24\/1<\/strong> v. 4<br \/><em>Alla hj\u00e4rtans dag, Sportlov<\/em><\/td>\r\n<td>Onsdag 10\/1<\/td>\r\n<td>Ordinarie <br \/>8.200 ex<\/td>\r\n<\/tr>\r\n<tr>\r\n<td><strong>Mars<\/strong><br \/><em>Nummer 2 <\/em><\/td>\r\n<td><strong>Tisdag 26\/3<\/strong> <strong>&amp; Onsdag 27\/3<\/strong> v. 13<br \/><em>P\u00e5sk, Valborg, 1:a maj<\/em><\/td>\r\n<td>Onsdag 13\/3<\/td>\r\n<td>Ordinarie <br \/>8.200 ex<\/td>\r\n<\/tr>\r\n<tr>\r\n<td><strong>Maj<\/strong><br \/><em>Nummer 3 <\/em><\/td>\r\n<td><strong>Tisdag 14\/5<\/strong> <strong>&amp; Onsdag 15\/5<\/strong> v. 20<br \/><em>Mors dag,<\/em> <em>Nationaldagen<\/em><\/td>\r\n<td>Torsdag 2\/5<\/td>\r\n<td>Ordinarie <br \/>8.200 ex<\/td>\r\n<\/tr>\r\n<tr>\r\n<td><strong>Juni<\/strong><br \/><em>Nummer 4 <\/em><br \/><em><strong>Sommarguide<\/strong><\/em><\/td>\r\n<td><strong>Tisdag 11\/6<\/strong> <strong>&amp; Onsdag 12\/6<\/strong> v. 24<br \/><em>Midsommar<\/em>,<em> Sommarh\u00e4lsning<\/em><\/td>\r\n<td>Onsdag 29\/5<br \/><br \/><\/td>\r\n<td>Ordinarie + <br \/>fritidshush\u00e5ll <br \/>12.000 ex<\/td>\r\n<\/tr>\r\n<tr>\r\n<td><strong>Augusti<\/strong><br \/><em>Nummer 5 <\/em><\/td>\r\n<td><strong>Tisdag 13\/8<\/strong> <strong>&amp; Onsdag 14\/8<\/strong> v. 33<br \/><em>Sagobyn &amp; Garpedagen<\/em><\/td>\r\n<td>Onsdag 31\/7<\/td>\r\n<td>Ordinarie <br \/>8.200 ex<\/td>\r\n<\/tr>\r\n<tr>\r\n<td><strong>September<\/strong><br \/><em>Nummer 6 <\/em><\/td>\r\n<td><strong>Tisdag 17\/9<\/strong> <strong>&amp; Onsdag 18\/9<\/strong> v. 38<br \/><em>Smaka p\u00e5 Tjust<\/em><\/td>\r\n<td>Onsdag 4\/9<\/td>\r\n<td>Ordinarie <br \/>8.200 ex<\/td>\r\n<\/tr>\r\n<tr>\r\n<td><strong>Oktober<\/strong><br \/><em>Nummer 7<\/em><\/td>\r\n<td><strong>Tisdag 22\/10<\/strong> <strong>&amp; Onsdag 23\/10<\/strong> v. 43<br \/><em>Halloween, Alla Helgons dag, Fars dag<\/em><\/td>\r\n<td>Onsdag 9\/10<\/td>\r\n<td>Ordinarie <br \/>8.200 ex<\/td>\r\n<\/tr>\r\n<tr>\r\n<td><strong>November<\/strong><br \/><em>Nummer 8 <\/em><\/td>\r\n<td><strong>Tisdag 26\/11 &amp; Onsdag 27\/11<\/strong> v. 48 <br \/><em>Julmarknader, 1:a Advent, Julhandel, Lucia,<\/em> <br \/><em>Jul-, ny\u00e5rs- och trettonhelgen<\/em><\/td>\r\n<td>Onsdag 13\/11 <br \/><br \/><\/td>\r\n<td>Ordinarie <br \/>8.200 ex<\/td>\r\n<\/tr>\r\n<\/tbody>\r\n<\/table>\r\n<figcaption class=\"wp-element-caption\"><br \/>Gamlebyplatsen delas ut under tv\u00e5 dagar, halva kommundelen dag 1 och andra halvan dag 2, enligt Postnords varannandagsutdelning.<br \/>Med reservation f\u00f6r \u00e4ndringar.<\/figcaption>\r\n<\/figure>\r\n<!-- \/wp:table -->\r\n\r\n<!-- wp:paragraph -->\r\n<p>&nbsp;<\/p>\r\n<!-- \/wp:paragraph --><div class=\"media-efter-artikeltexten media-entity-placement\" id=\"media-1963991912\"><div id=\"exempelannons\" class=\"exempelannons\" style=\"margin-left: auto;margin-right: auto;text-align: center;\"><a href=\"https:\/\/google.se\" aria-label=\"ad_placeholder\"><img loading=\"lazy\" decoding=\"async\" src=\"https:\/\/kunder.bulta.se\/mediatrio24\/wp-content\/uploads\/2024\/06\/ad_placeholder-e1725346111228.png\" alt=\"\"  srcset=\"https:\/\/kunder.bulta.se\/mediatrio24\/wp-content\/uploads\/2024\/06\/ad_placeholder-e1725346111228.png 1692w, https:\/\/kunder.bulta.se\/mediatrio24\/wp-content\/uploads\/2024\/06\/ad_placeholder-e1725346111228-300x133.png 300w, https:\/\/kunder.bulta.se\/mediatrio24\/wp-content\/uploads\/2024\/06\/ad_placeholder-e1725346111228-1024x455.png 1024w, https:\/\/kunder.bulta.se\/mediatrio24\/wp-content\/uploads\/2024\/06\/ad_placeholder-e1725346111228-768x341.png 768w, https:\/\/kunder.bulta.se\/mediatrio24\/wp-content\/uploads\/2024\/06\/ad_placeholder-e1725346111228-1536x683.png 1536w, https:\/\/kunder.bulta.se\/mediatrio24\/wp-content\/uploads\/2024\/06\/ad_placeholder-e1725346111228-1080x480.png 1080w\" sizes=\"(max-width: 1692px) 100vw, 1692px\" width=\"1692\" height=\"872\"  style=\"display: inline-block;\" \/><\/a><\/div><\/div>","protected":false},"excerpt":{"rendered":"<p>Om annonsering i papperstidningen Lokala Livet Gamleby (Gamlebyplatsen) F\u00f6rdelar f\u00f6r Dig som annons\u00f6r! Vi \u00e4r gratistidning och n\u00e5r 100% av alla hush\u00e5ll.Vi n\u00e5r \u00e4ven alla f\u00f6retag i Gamleby, postnummeromr\u00e5de 594.Gamlebyplatsen delas ut i 4.500 exemplar. (nr 1-3 och 5-8) Vi har ut\u00f6kad utdelning till alla fritidshus i hela utdelningsomr\u00e5det i juninumret.Gamlebyplatsen delas ut i 6.500 [&hellip;]<\/p>\n","protected":false},"author":3,"featured_media":0,"parent":11392,"menu_order":0,"comment_status":"closed","ping_status":"closed","template":"","meta":{"_et_pb_use_builder":"","_et_pb_old_content":"","_et_gb_content_width":"","_exactmetrics_skip_tracking":false,"_exactmetrics_sitenote_active":false,"_exactmetrics_sitenote_note":"","_exactmetrics_sitenote_category":0,"_monsterinsights_skip_tracking":false,"_monsterinsights_sitenote_active":false,"_monsterinsights_sitenote_note":"","_monsterinsights_sitenote_category":0,"footnotes":""},"class_list":["post-6909","page","type-page","status-publish","hentry"],"yoast_head":"<!-- This site is optimized with the Yoast SEO Premium plugin v21.8 (Yoast SEO v27.3) - https:\/\/yoast.com\/product\/yoast-seo-premium-wordpress\/ -->\n<title>Information om annonsering i omr\u00e5det Gamleby - MediaTrio AB | Tidningar | Fokus p\u00e5 det lokala livet<\/title>\n<meta name=\"robots\" content=\"noindex, follow, max-snippet:-1, max-image-preview:large, max-video-preview:-1\" \/>\n<meta property=\"og:locale\" content=\"sv_SE\" \/>\n<meta property=\"og:type\" content=\"article\" \/>\n<meta property=\"og:title\" content=\"Information om annonsering i omr\u00e5det Gamleby\" \/>\n<meta property=\"og:description\" content=\"Om annonsering i papperstidningen Lokala Livet Gamleby (Gamlebyplatsen) F\u00f6rdelar f\u00f6r Dig som annons\u00f6r! Vi \u00e4r gratistidning och n\u00e5r 100% av alla hush\u00e5ll.Vi n\u00e5r \u00e4ven alla f\u00f6retag i Gamleby, postnummeromr\u00e5de 594.Gamlebyplatsen delas ut i 4.500 exemplar. (nr 1-3 och 5-8) Vi har ut\u00f6kad utdelning till alla fritidshus i hela utdelningsomr\u00e5det i juninumret.Gamlebyplatsen delas ut i 6.500 [&hellip;]\" \/>\n<meta property=\"og:url\" content=\"https:\/\/kunder.bulta.se\/mediatrio24\/annonsera\/tryckta-tidningsannonser\/info-annonsering-gamleby\/\" \/>\n<meta property=\"og:site_name\" content=\"MediaTrio AB | Tidningar | Fokus p\u00e5 det lokala livet\" \/>\n<meta property=\"article:publisher\" content=\"http:\/\/www.facebook.com\/mediatrio\" \/>\n<meta property=\"article:modified_time\" content=\"2024-06-19T14:24:42+00:00\" \/>\n<meta property=\"og:image\" content=\"https:\/\/kunder.bulta.se\/mediatrio24\/wp-content\/uploads\/2023\/02\/Karta-utgivningsomradet-VAG-2023-1024x714.jpg\" \/>\n<meta name=\"twitter:card\" content=\"summary_large_image\" \/>\n<meta name=\"twitter:site\" content=\"@turistcenter\" \/>\n<meta name=\"twitter:label1\" content=\"Ber\u00e4knad l\u00e4stid\" \/>\n\t<meta name=\"twitter:data1\" content=\"3 minuter\" \/>\n<!-- \/ Yoast SEO Premium plugin. -->","yoast_head_json":{"title":"Information om annonsering i omr\u00e5det Gamleby - MediaTrio AB | Tidningar | Fokus p\u00e5 det lokala livet","robots":{"index":"noindex","follow":"follow","max-snippet":"max-snippet:-1","max-image-preview":"max-image-preview:large","max-video-preview":"max-video-preview:-1"},"og_locale":"sv_SE","og_type":"article","og_title":"Information om annonsering i omr\u00e5det Gamleby","og_description":"Om annonsering i papperstidningen Lokala Livet Gamleby (Gamlebyplatsen) F\u00f6rdelar f\u00f6r Dig som annons\u00f6r! Vi \u00e4r gratistidning och n\u00e5r 100% av alla hush\u00e5ll.Vi n\u00e5r \u00e4ven alla f\u00f6retag i Gamleby, postnummeromr\u00e5de 594.Gamlebyplatsen delas ut i 4.500 exemplar. (nr 1-3 och 5-8) Vi har ut\u00f6kad utdelning till alla fritidshus i hela utdelningsomr\u00e5det i juninumret.Gamlebyplatsen delas ut i 6.500 [&hellip;]","og_url":"https:\/\/kunder.bulta.se\/mediatrio24\/annonsera\/tryckta-tidningsannonser\/info-annonsering-gamleby\/","og_site_name":"MediaTrio AB | Tidningar | Fokus p\u00e5 det lokala livet","article_publisher":"http:\/\/www.facebook.com\/mediatrio","article_modified_time":"2024-06-19T14:24:42+00:00","og_image":[{"url":"https:\/\/kunder.bulta.se\/mediatrio24\/wp-content\/uploads\/2023\/02\/Karta-utgivningsomradet-VAG-2023-1024x714.jpg","type":"","width":"","height":""}],"twitter_card":"summary_large_image","twitter_site":"@turistcenter","twitter_misc":{"Ber\u00e4knad l\u00e4stid":"3 minuter"},"schema":{"@context":"https:\/\/schema.org","@graph":[{"@type":"WebPage","@id":"https:\/\/kunder.bulta.se\/mediatrio24\/annonsera\/tryckta-tidningsannonser\/info-annonsering-gamleby\/","url":"https:\/\/kunder.bulta.se\/mediatrio24\/annonsera\/tryckta-tidningsannonser\/info-annonsering-gamleby\/","name":"Information om annonsering i omr\u00e5det Gamleby - MediaTrio AB | Tidningar | Fokus p\u00e5 det lokala livet","isPartOf":{"@id":"https:\/\/kunder.bulta.se\/mediatrio24\/#website"},"primaryImageOfPage":{"@id":"https:\/\/kunder.bulta.se\/mediatrio24\/annonsera\/tryckta-tidningsannonser\/info-annonsering-gamleby\/#primaryimage"},"image":{"@id":"https:\/\/kunder.bulta.se\/mediatrio24\/annonsera\/tryckta-tidningsannonser\/info-annonsering-gamleby\/#primaryimage"},"thumbnailUrl":"https:\/\/kunder.bulta.se\/mediatrio24\/wp-content\/uploads\/2023\/02\/Karta-utgivningsomradet-VAG-2023-1024x714.jpg","datePublished":"2022-01-03T13:28:11+00:00","dateModified":"2024-06-19T14:24:42+00:00","breadcrumb":{"@id":"https:\/\/kunder.bulta.se\/mediatrio24\/annonsera\/tryckta-tidningsannonser\/info-annonsering-gamleby\/#breadcrumb"},"inLanguage":"sv-SE","potentialAction":[{"@type":"ReadAction","target":["https:\/\/kunder.bulta.se\/mediatrio24\/annonsera\/tryckta-tidningsannonser\/info-annonsering-gamleby\/"]}]},{"@type":"ImageObject","inLanguage":"sv-SE","@id":"https:\/\/kunder.bulta.se\/mediatrio24\/annonsera\/tryckta-tidningsannonser\/info-annonsering-gamleby\/#primaryimage","url":"https:\/\/kunder.bulta.se\/mediatrio24\/wp-content\/uploads\/2023\/02\/Karta-utgivningsomradet-VAG-2023.jpg","contentUrl":"https:\/\/kunder.bulta.se\/mediatrio24\/wp-content\/uploads\/2023\/02\/Karta-utgivningsomradet-VAG-2023.jpg","width":1430,"height":997},{"@type":"BreadcrumbList","@id":"https:\/\/kunder.bulta.se\/mediatrio24\/annonsera\/tryckta-tidningsannonser\/info-annonsering-gamleby\/#breadcrumb","itemListElement":[{"@type":"ListItem","position":1,"name":"Hem","item":"https:\/\/kunder.bulta.se\/mediatrio24\/"},{"@type":"ListItem","position":2,"name":"Annonsera i Lokala Livet","item":"https:\/\/kunder.bulta.se\/mediatrio24\/annonsera\/"},{"@type":"ListItem","position":3,"name":"Tryckta tidningsannonser","item":"https:\/\/kunder.bulta.se\/mediatrio24\/annonsera\/tryckta-tidningsannonser\/"},{"@type":"ListItem","position":4,"name":"Information om annonsering i omr\u00e5det Gamleby"}]},{"@type":"WebSite","@id":"https:\/\/kunder.bulta.se\/mediatrio24\/#website","url":"https:\/\/kunder.bulta.se\/mediatrio24\/","name":"MediaTrio AB | Tidningar | Fokus p\u00e5 det lokala livet","description":"ValdemarsviksBladet | \u00c5tvidabergsplatsen | Gamlebyplatsen","publisher":{"@id":"https:\/\/kunder.bulta.se\/mediatrio24\/#organization"},"potentialAction":[{"@type":"SearchAction","target":{"@type":"EntryPoint","urlTemplate":"https:\/\/kunder.bulta.se\/mediatrio24\/?s={search_term_string}"},"query-input":{"@type":"PropertyValueSpecification","valueRequired":true,"valueName":"search_term_string"}}],"inLanguage":"sv-SE"},{"@type":"Organization","@id":"https:\/\/kunder.bulta.se\/mediatrio24\/#organization","name":"MediaTrio AB","url":"https:\/\/kunder.bulta.se\/mediatrio24\/","logo":{"@type":"ImageObject","inLanguage":"sv-SE","@id":"https:\/\/kunder.bulta.se\/mediatrio24\/#\/schema\/logo\/image\/","url":"https:\/\/kunder.bulta.se\/mediatrio24\/wp-content\/uploads\/2022\/08\/4BB26FAD-690D-4B82-82AC-2254E508623D.jpeg","contentUrl":"https:\/\/kunder.bulta.se\/mediatrio24\/wp-content\/uploads\/2022\/08\/4BB26FAD-690D-4B82-82AC-2254E508623D.jpeg","width":2160,"height":1232,"caption":"MediaTrio AB"},"image":{"@id":"https:\/\/kunder.bulta.se\/mediatrio24\/#\/schema\/logo\/image\/"},"sameAs":["http:\/\/www.facebook.com\/mediatrio","https:\/\/x.com\/turistcenter","http:\/\/www.facebook.com\/valdemarsviksbladet","http:\/\/www.facebook.com\/atvidabergsplatsen","http:\/\/www.facebook.com\/gamlebyplatsen","http:\/\/www.facebook.com\/valdemarsviksportalen"]}]}},"_links":{"self":[{"href":"https:\/\/kunder.bulta.se\/mediatrio24\/wp-json\/wp\/v2\/pages\/6909","targetHints":{"allow":["GET"]}}],"collection":[{"href":"https:\/\/kunder.bulta.se\/mediatrio24\/wp-json\/wp\/v2\/pages"}],"about":[{"href":"https:\/\/kunder.bulta.se\/mediatrio24\/wp-json\/wp\/v2\/types\/page"}],"author":[{"embeddable":true,"href":"https:\/\/kunder.bulta.se\/mediatrio24\/wp-json\/wp\/v2\/users\/3"}],"replies":[{"embeddable":true,"href":"https:\/\/kunder.bulta.se\/mediatrio24\/wp-json\/wp\/v2\/comments?post=6909"}],"version-history":[{"count":5,"href":"https:\/\/kunder.bulta.se\/mediatrio24\/wp-json\/wp\/v2\/pages\/6909\/revisions"}],"predecessor-version":[{"id":11430,"href":"https:\/\/kunder.bulta.se\/mediatrio24\/wp-json\/wp\/v2\/pages\/6909\/revisions\/11430"}],"up":[{"embeddable":true,"href":"https:\/\/kunder.bulta.se\/mediatrio24\/wp-json\/wp\/v2\/pages\/11392"}],"wp:attachment":[{"href":"https:\/\/kunder.bulta.se\/mediatrio24\/wp-json\/wp\/v2\/media?parent=6909"}],"curies":[{"name":"wp","href":"https:\/\/api.w.org\/{rel}","templated":true}]}}