{"id":5532,"date":"2019-11-10T00:42:54","date_gmt":"2019-11-09T22:42:54","guid":{"rendered":"https:\/\/kunder.bulta.se\/mediatrio24\/?page_id=5532"},"modified":"2024-06-19T17:18:47","modified_gmt":"2024-06-19T15:18:47","slug":"info-annonsering-valdemarsvik","status":"publish","type":"page","link":"https:\/\/kunder.bulta.se\/mediatrio24\/annonsera\/tryckta-tidningsannonser\/info-annonsering-valdemarsvik\/","title":{"rendered":"Information om annonsering i omr\u00e5det Valdemarsvik"},"content":{"rendered":"<div class=\"media-innan-artikeltexten media-entity-placement\" id=\"media-4168848524\"><div id=\"exempelannons\" class=\"exempelannons\" style=\"margin-left: auto;margin-right: auto;text-align: center;\"><a href=\"https:\/\/google.se\" aria-label=\"ad_placeholder\"><img loading=\"lazy\" decoding=\"async\" src=\"https:\/\/kunder.bulta.se\/mediatrio24\/wp-content\/uploads\/2024\/06\/ad_placeholder-e1725346111228.png\" alt=\"\"  srcset=\"https:\/\/kunder.bulta.se\/mediatrio24\/wp-content\/uploads\/2024\/06\/ad_placeholder-e1725346111228.png 1692w, https:\/\/kunder.bulta.se\/mediatrio24\/wp-content\/uploads\/2024\/06\/ad_placeholder-e1725346111228-300x133.png 300w, https:\/\/kunder.bulta.se\/mediatrio24\/wp-content\/uploads\/2024\/06\/ad_placeholder-e1725346111228-1024x455.png 1024w, https:\/\/kunder.bulta.se\/mediatrio24\/wp-content\/uploads\/2024\/06\/ad_placeholder-e1725346111228-768x341.png 768w, https:\/\/kunder.bulta.se\/mediatrio24\/wp-content\/uploads\/2024\/06\/ad_placeholder-e1725346111228-1536x683.png 1536w, https:\/\/kunder.bulta.se\/mediatrio24\/wp-content\/uploads\/2024\/06\/ad_placeholder-e1725346111228-1080x480.png 1080w\" sizes=\"(max-width: 1692px) 100vw, 1692px\" width=\"1692\" height=\"872\"  style=\"display: inline-block;\" \/><\/a><\/div><\/div>\r\n<p>Om annonsering i papperstidningen Lokala Livet Valdemarsvik (Valdemarsviksbladet)<\/p>\r\n<h2 class=\"wp-block-heading\">\u00a0<\/h2>\r\n<h2 class=\"entry-title main_title\">ValdemarsviksBladet \u2013 Din smarta marknadsf\u00f6ringskanal<\/h2>\r\n<div class=\"entry-content\">\r\n<p><strong>ValdemarsviksBladet har marknadsf\u00f6rt f\u00f6retag och f\u00f6reningar i<\/strong><br \/><strong>Valdemarsvik med angr\u00e4nsande kommuner SEDAN 1992!<\/strong><\/p>\r\n<p><strong>Varf\u00f6r ValdemarsviksBladet?<\/strong><br \/>Vi vill ge Er m\u00f6jligheten att n\u00e5 en stor kundgrupp till ett bra pris!<br \/>ValdemarsviksBladet \u00e4r f\u00f6rmodligen det b\u00e4sta valet i omr\u00e5det f\u00f6r att n\u00e5<br \/>Er prim\u00e4ra kundgrupp p\u00e5 ett kostnadseffektivt och kvalitetsm\u00e4ssigt bra s\u00e4tt.<\/p>\r\n<p><strong>ValdemarsviksBladet har ett stort utdelningsomr\u00e5de<\/strong><br \/>och n\u00e5r ALLA, \u00e4ven de som s\u00e4ger \u201dNej tack till reklam\u201d.<br \/><br \/><strong>ValdemarsviksBladet varar l\u00e4ngre<\/strong>\u00a0\u00e4n de flesta andra media d\u00e5 m\u00e5nga<br \/>l\u00e4sare sparar tidningen och anv\u00e4nder den som telefonkatalog.<\/p>\r\n<p><strong>ValdemarsviksBladet delas ut \u00e4ven i S\u00f6derk\u00f6pings kommun<\/strong><br \/>och den totala upplagan \u00e4r upp till 15.000 exemplar.<\/p>\r\n<p><strong>Ni n\u00e5r Era kunder i tv\u00e5 kommuner med:<\/strong><br \/>\u2022 En tidning<br \/>\u2022 En annons<br \/>\u2022 Ett bra pris<br \/>\u2022 Ett bra tryck<\/p>\r\n<p><strong><em>Kontakta oss g\u00e4rna f\u00f6r priser och f\u00f6rslag p\u00e5 annonsuppl\u00e4gg f\u00f6r ditt f\u00f6retag!<\/em><\/strong><\/p>\r\n<\/div>\r\n<h2 id=\"h-fordelar-for-dig-som-annonsor\">F\u00f6rdelar f\u00f6r Dig som annons\u00f6r!<\/h2>\r\n\r\n\r\n\r\n<p><strong>Vi \u00e4r gratistidning och n\u00e5r 100% av alla hush\u00e5ll i Valdemarsviks kommun.<\/strong><br \/>Vi n\u00e5r \u00e4ven alla f\u00f6retag i Valdemarsviks kommun.<br \/>ValdemarsviksBladet delas ut i 11.500 exemplar. (januari-april, augusti-december)<\/p><div class=\"media-i-artikeltexten media-entity-placement\" id=\"media-3740497061\"><div id=\"exempelannons\" class=\"exempelannons\" style=\"margin-left: auto;margin-right: auto;text-align: center;\"><a href=\"https:\/\/google.se\" aria-label=\"ad_placeholder\"><img loading=\"lazy\" decoding=\"async\" src=\"https:\/\/kunder.bulta.se\/mediatrio24\/wp-content\/uploads\/2024\/06\/ad_placeholder-e1725346111228.png\" alt=\"\"  srcset=\"https:\/\/kunder.bulta.se\/mediatrio24\/wp-content\/uploads\/2024\/06\/ad_placeholder-e1725346111228.png 1692w, https:\/\/kunder.bulta.se\/mediatrio24\/wp-content\/uploads\/2024\/06\/ad_placeholder-e1725346111228-300x133.png 300w, https:\/\/kunder.bulta.se\/mediatrio24\/wp-content\/uploads\/2024\/06\/ad_placeholder-e1725346111228-1024x455.png 1024w, https:\/\/kunder.bulta.se\/mediatrio24\/wp-content\/uploads\/2024\/06\/ad_placeholder-e1725346111228-768x341.png 768w, https:\/\/kunder.bulta.se\/mediatrio24\/wp-content\/uploads\/2024\/06\/ad_placeholder-e1725346111228-1536x683.png 1536w, https:\/\/kunder.bulta.se\/mediatrio24\/wp-content\/uploads\/2024\/06\/ad_placeholder-e1725346111228-1080x480.png 1080w\" sizes=\"(max-width: 1692px) 100vw, 1692px\" width=\"1692\" height=\"872\"  style=\"display: inline-block;\" \/><\/a><\/div><\/div>\r\n\r\n\r\n\r\n<p><strong>Vi har slagit ihop ValdemarsviksBladets majnummer och Valdemarsviksguiden <\/strong><br \/><strong>\u00e4r numera <\/strong><span style=\"text-decoration: underline;\"><strong>ett<\/strong><\/span><strong> sommarnummer, ValdemarsviksBladet Sommarguide.<\/strong><br \/>ValdemarsviksBladet delas ut i 15.000 exemplar. (maj)<\/p>\r\n\r\n\r\n\r\n<p><strong>Vi har ut\u00f6kad utdelning till alla fritidshus i <span style=\"text-decoration: underline;\">hela<\/span> utdelningsomr\u00e5det under juni-juli.<\/strong><br \/>ValdemarsviksBladet delas ut i 14.000 exemplar. (juni-juli)<\/p>\r\n\r\n\r\n\r\n<p><strong>Vi delar ut tidningen \u00e4ven i S\u00f6derk\u00f6pings kommun.<\/strong><br \/>F\u00f6rutom att vi kommer ut till alla hush\u00e5ll och f\u00f6retag i Valdemarsviks kommun <br \/>s\u00e5 delas tidningen ut till alla hush\u00e5ll i S\u00f6derk\u00f6pings kommun.<\/p>\r\n\r\n\r\n\r\n<p><strong>Vi kommer ut p\u00e5 torsdagar och fredagar i slutet av varje m\u00e5nad.<\/strong><br \/>Fr\u00e5n och med 31\/1 2022 delas tidningen ut under tv\u00e5 dagar, <br \/>halva kommundelen dag 1 och andra halvan dag 2.<br \/>Tidningen delas ut p\u00e5 torsdagar\/fredagar innan l\u00f6nehelg. <br \/>Kan variera beroende p\u00e5 m\u00e5nad. <br \/><br \/>I maj kommer vi ut tisdag\/onsdag p\u00e5 grund av Kristi Himmelsf\u00e4rds dag och<br \/>i juni kommer vi ut tisdag\/onsdag i midsommarveckan.<\/p>\r\n\r\n\r\n\r\n<p><strong>Vi hj\u00e4lper dig att g\u00f6ra din annons.<\/strong><br \/>Beh\u00f6ver du hj\u00e4lp att g\u00f6ra din annons s\u00e5 ing\u00e5r det i priset.<br \/>Du f\u00e5r ett f\u00f6rslag att godk\u00e4nna innan vi g\u00e5r i tryck.<br \/><br \/>Att vi \u00e4r gratistidning m\u00f6jligg\u00f6r kortare tid mellan annonsbokning och utgivning.<\/p>\r\n\r\n\r\n\r\n<h2 class=\"wp-block-heading\" id=\"h-rabatter-och-priser\">Rabatter och priser<\/h2>\r\n\r\n\r\n\r\n<p>Vi erbjuder ett rabattsystem:<br \/><strong> 6 annonser &#8211; 5 % rabatt <br \/>12 annonser &#8211; 10 % rabatt<\/strong><br \/>G\u00e4ller vid samtidig bokning av annonser och med f\u00e4rdigt annonsmaterial eller upprepning av samma annons.<\/p>\r\n\r\n\r\n\r\n<p>Vi har \u00e4ven ett erbjudande till nystartade f\u00f6retagare.<br \/><strong>Boka 4 annonser och vi bjuder p\u00e5 4:e annonsen<\/strong><br \/>Ska vara samma storlek, annars minsta annonsstorleken om du v\u00e4ljer olika storlekar p\u00e5 annons.<br \/><br \/><strong>OBS! M\u00e5ste bokas i f\u00f6rv\u00e4g.<\/strong><\/p>\r\n\r\n\r\n\r\n<p><strong>Kontakta oss f\u00f6r information om v\u00e5ra annonspriser och erbjudanden<\/strong><br \/>Ring 0123-121 81 eller mejla till <a href=\"mailto:anette@mediatrio.se\">anette@mediatrio.se<\/a>.<\/p>\r\n<hr \/>\r\n\r\n\r\n<h1 id=\"h-vi-nar-ut-till-era-primara-kunder\">Utdelningsomr\u00e5de<\/h1>\r\n\r\n\r\n\r\n<p>ValdemarsviksBladet kommer ut till hush\u00e5ll i Valdemarsviks och S\u00f6derk\u00f6pings kommun.<br \/><br \/>ValdemarsviksBladet kommer \u00e4ven ut till alla f\u00f6retag och kontor i Valdemarsviks kommun.<\/p>\r\n\r\n\r\n\r\n<p>Inf\u00f6r p\u00e5sk ger vi ut ett specialnummer som enbart fritidshus\u00e4gare i Valdemarsviks kommun <br \/>f\u00e5r skickat per post till sina hemortsadresser.<br \/><br \/>Majnumret \u00e4r sammanslaget med Valdemarsviksguiden och skickas, f\u00f6rutom ordinarie <br \/>utdelning, \u00e4ven ut till fritidshus\u00e4gare och turistbyr\u00e5er med flera.<br \/><br \/>I juni och juli kommer vi, f\u00f6rutom ordinarie utdelning, \u00e4ven ut till fritidsboende i samtliga <br \/>utgivningsomr\u00e5den.<\/p>\r\n\r\n\r\n\r\n<h2 class=\"wp-block-heading\">Vi n\u00e5r ut till era prim\u00e4ra kunder!<\/h2>\r\n\r\n<p><img loading=\"lazy\" decoding=\"async\" class=\"wp-image-9056\" src=\"https:\/\/kunder.bulta.se\/mediatrio24\/wp-content\/uploads\/2023\/02\/Karta-utgivningsomradet-VAG-2023-1024x714.jpg\" alt=\"\" width=\"743\" height=\"517\" srcset=\"https:\/\/kunder.bulta.se\/mediatrio24\/wp-content\/uploads\/2023\/02\/Karta-utgivningsomradet-VAG-2023-1024x714.jpg 1024w, https:\/\/kunder.bulta.se\/mediatrio24\/wp-content\/uploads\/2023\/02\/Karta-utgivningsomradet-VAG-2023-300x209.jpg 300w, https:\/\/kunder.bulta.se\/mediatrio24\/wp-content\/uploads\/2023\/02\/Karta-utgivningsomradet-VAG-2023-768x535.jpg 768w, https:\/\/kunder.bulta.se\/mediatrio24\/wp-content\/uploads\/2023\/02\/Karta-utgivningsomradet-VAG-2023-392x272.jpg 392w, https:\/\/kunder.bulta.se\/mediatrio24\/wp-content\/uploads\/2023\/02\/Karta-utgivningsomradet-VAG-2023-130x90.jpg 130w, https:\/\/kunder.bulta.se\/mediatrio24\/wp-content\/uploads\/2023\/02\/Karta-utgivningsomradet-VAG-2023.jpg 1430w\" sizes=\"auto, (max-width: 743px) 100vw, 743px\" \/><\/p>\r\n<hr \/>\r\n<h1>Utgivningsdatum ValdemarsviksBladet 2024<\/h1>\r\n<!-- \/wp:post-content -->\r\n\r\n<!-- wp:table {\"align\":\"left\",\"className\":\"is-style-stripes\"} -->\r\n<figure class=\"wp-block-table alignleft is-style-stripes\">\r\n<table>\r\n<tbody>\r\n<tr>\r\n<td><strong>Nummer<\/strong><\/td>\r\n<td><strong>Utgivningsdatum<\/strong><\/td>\r\n<td><strong>Annonsbokning<\/strong><br \/>(Senast kl. 16.00)<\/td>\r\n<td><strong>Upplaga<\/strong><\/td>\r\n<\/tr>\r\n<tr>\r\n<td><strong>Januari <\/strong><br \/><em>Nummer 1<\/em><\/td>\r\n<td><strong>Torsdag 25\/1 &amp; Fredag 26\/1<\/strong> v. 4<br \/><em>Alla hj\u00e4rtans dag, Sportlov<\/em><\/td>\r\n<td>Onsdag 17\/1<\/td>\r\n<td>Ordinarie<br \/>11 700 ex<\/td>\r\n<\/tr>\r\n<tr>\r\n<td><strong>Februari<\/strong><br \/><em>Nummer 2<\/em><\/td>\r\n<td><strong>Torsdag 22\/2<\/strong> <strong>&amp; Fredag 23\/2<\/strong> v. 8<\/td>\r\n<td>Onsdag 14\/2<\/td>\r\n<td>Ordinarie<br \/>11 700 ex<\/td>\r\n<\/tr>\r\n<tr>\r\n<td><strong>Specialnummer<br \/>Fritidsboende<\/strong><\/td>\r\n<td>ADR till fritidshus\u00e4gares hemadresser<br \/><strong>f\u00f6re p\u00e5sk 18\/3 <\/strong>v. 12<\/td>\r\n<td>M\u00e5ndag 4\/3<\/td>\r\n<td>Cirka<br \/>3 000 ex<\/td>\r\n<\/tr>\r\n<tr>\r\n<td><strong><strong>Mars<\/strong><br \/><\/strong><em>Nummer 3<\/em><\/td>\r\n<td><strong>Torsdag 21\/3<\/strong> <strong>&amp; Fredag 22\/3<\/strong> v. 12<br \/><em>P\u00e5sk<\/em><\/td>\r\n<td>Onsdag 13\/3<\/td>\r\n<td>Ordinarie<br \/>11 700 ex<\/td>\r\n<\/tr>\r\n<tr>\r\n<td><strong>April<\/strong><br \/><em>Nummer 4<\/em><\/td>\r\n<td><strong>Torsdag 25\/4<\/strong> <strong>&amp; Fredag 26\/4<\/strong> v. 17<br \/><em>Valborg, 1:a Maj, Kristi Himmelsf\u00e4rds dag<\/em>, <br \/><em>Pingst<\/em><\/td>\r\n<td>Onsdag 17\/4<br \/><br \/><\/td>\r\n<td>Ordinarie<br \/>11 700 ex<\/td>\r\n<\/tr>\r\n<tr>\r\n<td><strong>Maj<\/strong><br \/><em>Nummer 5<br \/><\/em><strong><em>Sommarguide<\/em><\/strong><\/td>\r\n<td><strong>Torsdag 23\/5<\/strong> <strong>&amp; Fredag 24\/5<\/strong> v. 21<br \/><em>Mors dag,<\/em> <em>Nationaldagen<\/em><\/td>\r\n<td>Fredag 10\/5<br \/><br \/><\/td>\r\n<td>Ordinarie + <br \/>fritidshush\u00e5ll<br \/>16 000 ex<\/td>\r\n<\/tr>\r\n<tr>\r\n<td><strong>Juni<\/strong><br \/><em>Nummer 6<\/em><\/td>\r\n<td><strong>Tisdag 18\/6<\/strong> <strong>&amp; Onsdag 19\/6<\/strong> v. 25<br \/><em>Midsommar, Nils Liedholm Cup, <\/em><br \/><em>Karneb\u00e5tfestival<\/em><\/td>\r\n<td>M\u00e5ndag 10\/6<br \/><br \/><\/td>\r\n<td>Ordinarie +<br \/>fritidshush\u00e5ll <br \/>14 500 ex<\/td>\r\n<\/tr>\r\n<tr>\r\n<td><strong>Juli<\/strong><br \/><em>Nummer 7<\/em><\/td>\r\n<td><strong>Torsdag 11\/7<\/strong> <strong>&amp; Fredag 12\/7<\/strong> v. 28<br \/><em>Alls\u00e5ngsm\u00e5ndagar,<\/em> <em>Klassikerfestival,<\/em> <br \/><em>Valdemarsviksrodden<\/em><\/td>\r\n<td>Onsdag 3\/7<br \/><br \/><\/td>\r\n<td>Ordinarie +<br \/>fritidshush\u00e5ll <br \/>14 500 ex<\/td>\r\n<\/tr>\r\n<tr>\r\n<td><strong>Augusti<\/strong><br \/><em>Nummer 8<\/em><\/td>\r\n<td><strong>Torsdag 22\/8<\/strong> <strong>&amp; Fredag 23\/8<\/strong> v. 34<br \/><em>\u00d6stg\u00f6tadagarna<\/em><\/td>\r\n<td>Onsdag 14\/8<\/td>\r\n<td>Ordinarie<br \/>11 700 ex<\/td>\r\n<\/tr>\r\n<tr>\r\n<td><strong>September<\/strong><br \/><em>Nummer 9<\/em><\/td>\r\n<td><strong>Torsdag 26\/9<\/strong> <strong>&amp; Fredag 27\/9<\/strong> v. 39<\/td>\r\n<td>Onsdag 18\/9<\/td>\r\n<td>Ordinarie<br \/>11 700 ex<\/td>\r\n<\/tr>\r\n<tr>\r\n<td><strong>Oktober<\/strong><br \/><em>Nummer 10<\/em><\/td>\r\n<td><strong>Torsdag 17\/10<\/strong> <strong>&amp; Fredag 18\/10<\/strong> v. 42<br \/><em>Oktobermarknad, Halloween, <\/em><br \/><em>Alla Helgons dag, Fars dag<\/em><\/td>\r\n<td>Onsdag 9\/10<br \/><br \/><\/td>\r\n<td>Ordinarie<br \/>11 700 ex<\/td>\r\n<\/tr>\r\n<tr>\r\n<td><strong>November<\/strong><br \/><em>Nummer 11<\/em><\/td>\r\n<td><strong>Torsdag 21\/11<\/strong> <strong>&amp; Fredag 22\/11<\/strong> v. 47<br \/><em>1:a Advent, Julmarknader, Lucia<\/em><\/td>\r\n<td>Onsdag 13\/11<\/td>\r\n<td>Ordinarie<br \/>11 700 ex<\/td>\r\n<\/tr>\r\n<tr>\r\n<td><strong>December<\/strong><br \/><em>Nummer 12<\/em><\/td>\r\n<td><strong>Torsdag 12\/12<\/strong> <strong>&amp; Fredag 13\/12<\/strong> v. 50<br \/><em>Julh\u00e4lsning, jul-, ny\u00e5rs- och trettonhelgen<\/em><\/td>\r\n<td>Onsdag 4\/12<\/td>\r\n<td>Ordinarie<br \/>11 700 ex<\/td>\r\n<\/tr>\r\n<\/tbody>\r\n<\/table>\r\n<figcaption class=\"wp-element-caption\">ValdemarsviksBladet delas ut under tv\u00e5 dagar, halva kommunen dag 1 och andra halvan dag 2, enligt Postnords tv\u00e5dagarsutdelning.<br \/>Med reservation f\u00f6r \u00e4ndringar.<\/figcaption>\r\n<\/figure>\r\n<!-- \/wp:table --><div class=\"media-efter-artikeltexten media-entity-placement\" id=\"media-597065658\"><div id=\"exempelannons\" class=\"exempelannons\" style=\"margin-left: auto;margin-right: auto;text-align: center;\"><a href=\"https:\/\/google.se\" aria-label=\"ad_placeholder\"><img loading=\"lazy\" decoding=\"async\" src=\"https:\/\/kunder.bulta.se\/mediatrio24\/wp-content\/uploads\/2024\/06\/ad_placeholder-e1725346111228.png\" alt=\"\"  srcset=\"https:\/\/kunder.bulta.se\/mediatrio24\/wp-content\/uploads\/2024\/06\/ad_placeholder-e1725346111228.png 1692w, https:\/\/kunder.bulta.se\/mediatrio24\/wp-content\/uploads\/2024\/06\/ad_placeholder-e1725346111228-300x133.png 300w, https:\/\/kunder.bulta.se\/mediatrio24\/wp-content\/uploads\/2024\/06\/ad_placeholder-e1725346111228-1024x455.png 1024w, https:\/\/kunder.bulta.se\/mediatrio24\/wp-content\/uploads\/2024\/06\/ad_placeholder-e1725346111228-768x341.png 768w, https:\/\/kunder.bulta.se\/mediatrio24\/wp-content\/uploads\/2024\/06\/ad_placeholder-e1725346111228-1536x683.png 1536w, https:\/\/kunder.bulta.se\/mediatrio24\/wp-content\/uploads\/2024\/06\/ad_placeholder-e1725346111228-1080x480.png 1080w\" sizes=\"(max-width: 1692px) 100vw, 1692px\" width=\"1692\" height=\"872\"  style=\"display: inline-block;\" \/><\/a><\/div><\/div>","protected":false},"excerpt":{"rendered":"<p>Om annonsering i papperstidningen Lokala Livet Valdemarsvik (Valdemarsviksbladet) \u00a0 ValdemarsviksBladet \u2013 Din smarta marknadsf\u00f6ringskanal ValdemarsviksBladet har marknadsf\u00f6rt f\u00f6retag och f\u00f6reningar iValdemarsvik med angr\u00e4nsande kommuner SEDAN 1992! Varf\u00f6r ValdemarsviksBladet?Vi vill ge Er m\u00f6jligheten att n\u00e5 en stor kundgrupp till ett bra pris!ValdemarsviksBladet \u00e4r f\u00f6rmodligen det b\u00e4sta valet i omr\u00e5det f\u00f6r att n\u00e5Er prim\u00e4ra kundgrupp p\u00e5 ett [&hellip;]<\/p>\n","protected":false},"author":3,"featured_media":0,"parent":11392,"menu_order":0,"comment_status":"closed","ping_status":"closed","template":"","meta":{"_et_pb_use_builder":"","_et_pb_old_content":"","_et_gb_content_width":"","_exactmetrics_skip_tracking":false,"_exactmetrics_sitenote_active":false,"_exactmetrics_sitenote_note":"","_exactmetrics_sitenote_category":0,"_monsterinsights_skip_tracking":false,"_monsterinsights_sitenote_active":false,"_monsterinsights_sitenote_note":"","_monsterinsights_sitenote_category":0,"footnotes":""},"class_list":["post-5532","page","type-page","status-publish","hentry"],"yoast_head":"<!-- This site is optimized with the Yoast SEO Premium plugin v21.8 (Yoast SEO v27.3) - https:\/\/yoast.com\/product\/yoast-seo-premium-wordpress\/ -->\n<title>Information om annonsering i omr\u00e5det Valdemarsvik - MediaTrio AB | Tidningar | Fokus p\u00e5 det lokala livet<\/title>\n<meta name=\"robots\" content=\"noindex, follow, max-snippet:-1, max-image-preview:large, max-video-preview:-1\" \/>\n<meta property=\"og:locale\" content=\"sv_SE\" \/>\n<meta property=\"og:type\" content=\"article\" \/>\n<meta property=\"og:title\" content=\"Information om annonsering i omr\u00e5det Valdemarsvik\" \/>\n<meta property=\"og:description\" content=\"Om annonsering i papperstidningen Lokala Livet Valdemarsvik (Valdemarsviksbladet) \u00a0 ValdemarsviksBladet \u2013 Din smarta marknadsf\u00f6ringskanal ValdemarsviksBladet har marknadsf\u00f6rt f\u00f6retag och f\u00f6reningar iValdemarsvik med angr\u00e4nsande kommuner SEDAN 1992! Varf\u00f6r ValdemarsviksBladet?Vi vill ge Er m\u00f6jligheten att n\u00e5 en stor kundgrupp till ett bra pris!ValdemarsviksBladet \u00e4r f\u00f6rmodligen det b\u00e4sta valet i omr\u00e5det f\u00f6r att n\u00e5Er prim\u00e4ra kundgrupp p\u00e5 ett [&hellip;]\" \/>\n<meta property=\"og:url\" content=\"https:\/\/kunder.bulta.se\/mediatrio24\/annonsera\/tryckta-tidningsannonser\/info-annonsering-valdemarsvik\/\" \/>\n<meta property=\"og:site_name\" content=\"MediaTrio AB | Tidningar | Fokus p\u00e5 det lokala livet\" \/>\n<meta property=\"article:publisher\" content=\"http:\/\/www.facebook.com\/mediatrio\" \/>\n<meta property=\"article:modified_time\" content=\"2024-06-19T15:18:47+00:00\" \/>\n<meta property=\"og:image\" content=\"https:\/\/kunder.bulta.se\/mediatrio24\/wp-content\/uploads\/2023\/02\/Karta-utgivningsomradet-VAG-2023-1024x714.jpg\" \/>\n<meta name=\"twitter:card\" content=\"summary_large_image\" \/>\n<meta name=\"twitter:site\" content=\"@turistcenter\" \/>\n<meta name=\"twitter:label1\" content=\"Ber\u00e4knad l\u00e4stid\" \/>\n\t<meta name=\"twitter:data1\" content=\"5 minuter\" \/>\n<!-- \/ Yoast SEO Premium plugin. -->","yoast_head_json":{"title":"Information om annonsering i omr\u00e5det Valdemarsvik - MediaTrio AB | Tidningar | Fokus p\u00e5 det lokala livet","robots":{"index":"noindex","follow":"follow","max-snippet":"max-snippet:-1","max-image-preview":"max-image-preview:large","max-video-preview":"max-video-preview:-1"},"og_locale":"sv_SE","og_type":"article","og_title":"Information om annonsering i omr\u00e5det Valdemarsvik","og_description":"Om annonsering i papperstidningen Lokala Livet Valdemarsvik (Valdemarsviksbladet) \u00a0 ValdemarsviksBladet \u2013 Din smarta marknadsf\u00f6ringskanal ValdemarsviksBladet har marknadsf\u00f6rt f\u00f6retag och f\u00f6reningar iValdemarsvik med angr\u00e4nsande kommuner SEDAN 1992! Varf\u00f6r ValdemarsviksBladet?Vi vill ge Er m\u00f6jligheten att n\u00e5 en stor kundgrupp till ett bra pris!ValdemarsviksBladet \u00e4r f\u00f6rmodligen det b\u00e4sta valet i omr\u00e5det f\u00f6r att n\u00e5Er prim\u00e4ra kundgrupp p\u00e5 ett [&hellip;]","og_url":"https:\/\/kunder.bulta.se\/mediatrio24\/annonsera\/tryckta-tidningsannonser\/info-annonsering-valdemarsvik\/","og_site_name":"MediaTrio AB | Tidningar | Fokus p\u00e5 det lokala livet","article_publisher":"http:\/\/www.facebook.com\/mediatrio","article_modified_time":"2024-06-19T15:18:47+00:00","og_image":[{"url":"https:\/\/kunder.bulta.se\/mediatrio24\/wp-content\/uploads\/2023\/02\/Karta-utgivningsomradet-VAG-2023-1024x714.jpg","type":"","width":"","height":""}],"twitter_card":"summary_large_image","twitter_site":"@turistcenter","twitter_misc":{"Ber\u00e4knad l\u00e4stid":"5 minuter"},"schema":{"@context":"https:\/\/schema.org","@graph":[{"@type":"WebPage","@id":"https:\/\/kunder.bulta.se\/mediatrio24\/annonsera\/tryckta-tidningsannonser\/info-annonsering-valdemarsvik\/","url":"https:\/\/kunder.bulta.se\/mediatrio24\/annonsera\/tryckta-tidningsannonser\/info-annonsering-valdemarsvik\/","name":"Information om annonsering i omr\u00e5det Valdemarsvik - MediaTrio AB | Tidningar | Fokus p\u00e5 det lokala livet","isPartOf":{"@id":"https:\/\/kunder.bulta.se\/mediatrio24\/#website"},"primaryImageOfPage":{"@id":"https:\/\/kunder.bulta.se\/mediatrio24\/annonsera\/tryckta-tidningsannonser\/info-annonsering-valdemarsvik\/#primaryimage"},"image":{"@id":"https:\/\/kunder.bulta.se\/mediatrio24\/annonsera\/tryckta-tidningsannonser\/info-annonsering-valdemarsvik\/#primaryimage"},"thumbnailUrl":"https:\/\/kunder.bulta.se\/mediatrio24\/wp-content\/uploads\/2023\/02\/Karta-utgivningsomradet-VAG-2023-1024x714.jpg","datePublished":"2019-11-09T22:42:54+00:00","dateModified":"2024-06-19T15:18:47+00:00","breadcrumb":{"@id":"https:\/\/kunder.bulta.se\/mediatrio24\/annonsera\/tryckta-tidningsannonser\/info-annonsering-valdemarsvik\/#breadcrumb"},"inLanguage":"sv-SE","potentialAction":[{"@type":"ReadAction","target":["https:\/\/kunder.bulta.se\/mediatrio24\/annonsera\/tryckta-tidningsannonser\/info-annonsering-valdemarsvik\/"]}]},{"@type":"ImageObject","inLanguage":"sv-SE","@id":"https:\/\/kunder.bulta.se\/mediatrio24\/annonsera\/tryckta-tidningsannonser\/info-annonsering-valdemarsvik\/#primaryimage","url":"https:\/\/kunder.bulta.se\/mediatrio24\/wp-content\/uploads\/2023\/02\/Karta-utgivningsomradet-VAG-2023.jpg","contentUrl":"https:\/\/kunder.bulta.se\/mediatrio24\/wp-content\/uploads\/2023\/02\/Karta-utgivningsomradet-VAG-2023.jpg","width":1430,"height":997},{"@type":"BreadcrumbList","@id":"https:\/\/kunder.bulta.se\/mediatrio24\/annonsera\/tryckta-tidningsannonser\/info-annonsering-valdemarsvik\/#breadcrumb","itemListElement":[{"@type":"ListItem","position":1,"name":"Hem","item":"https:\/\/kunder.bulta.se\/mediatrio24\/"},{"@type":"ListItem","position":2,"name":"Annonsera i Lokala Livet","item":"https:\/\/kunder.bulta.se\/mediatrio24\/annonsera\/"},{"@type":"ListItem","position":3,"name":"Tryckta tidningsannonser","item":"https:\/\/kunder.bulta.se\/mediatrio24\/annonsera\/tryckta-tidningsannonser\/"},{"@type":"ListItem","position":4,"name":"Information om annonsering i omr\u00e5det Valdemarsvik"}]},{"@type":"WebSite","@id":"https:\/\/kunder.bulta.se\/mediatrio24\/#website","url":"https:\/\/kunder.bulta.se\/mediatrio24\/","name":"MediaTrio AB | Tidningar | Fokus p\u00e5 det lokala livet","description":"ValdemarsviksBladet | \u00c5tvidabergsplatsen | Gamlebyplatsen","publisher":{"@id":"https:\/\/kunder.bulta.se\/mediatrio24\/#organization"},"potentialAction":[{"@type":"SearchAction","target":{"@type":"EntryPoint","urlTemplate":"https:\/\/kunder.bulta.se\/mediatrio24\/?s={search_term_string}"},"query-input":{"@type":"PropertyValueSpecification","valueRequired":true,"valueName":"search_term_string"}}],"inLanguage":"sv-SE"},{"@type":"Organization","@id":"https:\/\/kunder.bulta.se\/mediatrio24\/#organization","name":"MediaTrio AB","url":"https:\/\/kunder.bulta.se\/mediatrio24\/","logo":{"@type":"ImageObject","inLanguage":"sv-SE","@id":"https:\/\/kunder.bulta.se\/mediatrio24\/#\/schema\/logo\/image\/","url":"https:\/\/kunder.bulta.se\/mediatrio24\/wp-content\/uploads\/2022\/08\/4BB26FAD-690D-4B82-82AC-2254E508623D.jpeg","contentUrl":"https:\/\/kunder.bulta.se\/mediatrio24\/wp-content\/uploads\/2022\/08\/4BB26FAD-690D-4B82-82AC-2254E508623D.jpeg","width":2160,"height":1232,"caption":"MediaTrio AB"},"image":{"@id":"https:\/\/kunder.bulta.se\/mediatrio24\/#\/schema\/logo\/image\/"},"sameAs":["http:\/\/www.facebook.com\/mediatrio","https:\/\/x.com\/turistcenter","http:\/\/www.facebook.com\/valdemarsviksbladet","http:\/\/www.facebook.com\/atvidabergsplatsen","http:\/\/www.facebook.com\/gamlebyplatsen","http:\/\/www.facebook.com\/valdemarsviksportalen"]}]}},"_links":{"self":[{"href":"https:\/\/kunder.bulta.se\/mediatrio24\/wp-json\/wp\/v2\/pages\/5532","targetHints":{"allow":["GET"]}}],"collection":[{"href":"https:\/\/kunder.bulta.se\/mediatrio24\/wp-json\/wp\/v2\/pages"}],"about":[{"href":"https:\/\/kunder.bulta.se\/mediatrio24\/wp-json\/wp\/v2\/types\/page"}],"author":[{"embeddable":true,"href":"https:\/\/kunder.bulta.se\/mediatrio24\/wp-json\/wp\/v2\/users\/3"}],"replies":[{"embeddable":true,"href":"https:\/\/kunder.bulta.se\/mediatrio24\/wp-json\/wp\/v2\/comments?post=5532"}],"version-history":[{"count":5,"href":"https:\/\/kunder.bulta.se\/mediatrio24\/wp-json\/wp\/v2\/pages\/5532\/revisions"}],"predecessor-version":[{"id":11435,"href":"https:\/\/kunder.bulta.se\/mediatrio24\/wp-json\/wp\/v2\/pages\/5532\/revisions\/11435"}],"up":[{"embeddable":true,"href":"https:\/\/kunder.bulta.se\/mediatrio24\/wp-json\/wp\/v2\/pages\/11392"}],"wp:attachment":[{"href":"https:\/\/kunder.bulta.se\/mediatrio24\/wp-json\/wp\/v2\/media?parent=5532"}],"curies":[{"name":"wp","href":"https:\/\/api.w.org\/{rel}","templated":true}]}}