{"id":4283,"date":"2022-08-06T09:51:00","date_gmt":"2022-08-06T07:51:00","guid":{"rendered":"https:\/\/kunder.bulta.se\/mediatrio24\/?page_id=4283"},"modified":"2024-07-01T12:38:31","modified_gmt":"2024-07-01T10:38:31","slug":"integritetspolicy","status":"publish","type":"page","link":"https:\/\/kunder.bulta.se\/mediatrio24\/integritetspolicy\/","title":{"rendered":"Integritetspolicy"},"content":{"rendered":"<div class=\"media-innan-artikeltexten media-entity-placement\" id=\"media-2944167457\"><div id=\"exempelannons\" class=\"exempelannons\" style=\"margin-left: auto;margin-right: auto;text-align: center;\"><a href=\"https:\/\/google.se\" aria-label=\"ad_placeholder\"><img loading=\"lazy\" decoding=\"async\" src=\"https:\/\/kunder.bulta.se\/mediatrio24\/wp-content\/uploads\/2024\/06\/ad_placeholder-e1725346111228.png\" alt=\"\"  srcset=\"https:\/\/kunder.bulta.se\/mediatrio24\/wp-content\/uploads\/2024\/06\/ad_placeholder-e1725346111228.png 1692w, https:\/\/kunder.bulta.se\/mediatrio24\/wp-content\/uploads\/2024\/06\/ad_placeholder-e1725346111228-300x133.png 300w, https:\/\/kunder.bulta.se\/mediatrio24\/wp-content\/uploads\/2024\/06\/ad_placeholder-e1725346111228-1024x455.png 1024w, https:\/\/kunder.bulta.se\/mediatrio24\/wp-content\/uploads\/2024\/06\/ad_placeholder-e1725346111228-768x341.png 768w, https:\/\/kunder.bulta.se\/mediatrio24\/wp-content\/uploads\/2024\/06\/ad_placeholder-e1725346111228-1536x683.png 1536w, https:\/\/kunder.bulta.se\/mediatrio24\/wp-content\/uploads\/2024\/06\/ad_placeholder-e1725346111228-1080x480.png 1080w\" sizes=\"(max-width: 1692px) 100vw, 1692px\" width=\"1692\" height=\"872\"  style=\"display: inline-block;\" \/><\/a><\/div><\/div><h2><\/h2>\n<h2><span style=\"color: #000000;\"><strong>S\u00e5 h\u00e4r\u00a0arbetar vi med registeruppgifter!<\/strong><\/span><\/h2>\n<h4><span style=\"color: #000000;\">Personuppgifter<\/span><\/h4>\n<p><span style=\"text-decoration: underline;\">Hemsida<\/span><br \/>\nP\u00e5 v\u00e5r hemsida samlar vi inte in n\u00e5gra personuppgifter.<\/p>\n<p><span style=\"text-decoration: underline;\">Kundregister f\u00f6r fakturering<\/span><br \/>\nI kundregistret finns uppgifter om faktureringsadress, kontaktperson, ev. e-postadress och telefonnummer. I f\u00f6rekommande fall \u00e4ven organisationsnummer, men inga av dessa uppgifter har lagts in utan att vi f\u00e5tt dem fr\u00e5n dig som faktureringskund.<br \/>\nVi rensar uppgifter\u00a0tv\u00e5 \u00e5r efter att v\u00e5rt kundf\u00f6rh\u00e5llande upph\u00f6rt.<\/p><div class=\"media-i-artikeltexten media-entity-placement\" id=\"media-522347471\"><div id=\"exempelannons\" class=\"exempelannons\" style=\"margin-left: auto;margin-right: auto;text-align: center;\"><a href=\"https:\/\/google.se\" aria-label=\"ad_placeholder\"><img loading=\"lazy\" decoding=\"async\" src=\"https:\/\/kunder.bulta.se\/mediatrio24\/wp-content\/uploads\/2024\/06\/ad_placeholder-e1725346111228.png\" alt=\"\"  srcset=\"https:\/\/kunder.bulta.se\/mediatrio24\/wp-content\/uploads\/2024\/06\/ad_placeholder-e1725346111228.png 1692w, https:\/\/kunder.bulta.se\/mediatrio24\/wp-content\/uploads\/2024\/06\/ad_placeholder-e1725346111228-300x133.png 300w, https:\/\/kunder.bulta.se\/mediatrio24\/wp-content\/uploads\/2024\/06\/ad_placeholder-e1725346111228-1024x455.png 1024w, https:\/\/kunder.bulta.se\/mediatrio24\/wp-content\/uploads\/2024\/06\/ad_placeholder-e1725346111228-768x341.png 768w, https:\/\/kunder.bulta.se\/mediatrio24\/wp-content\/uploads\/2024\/06\/ad_placeholder-e1725346111228-1536x683.png 1536w, https:\/\/kunder.bulta.se\/mediatrio24\/wp-content\/uploads\/2024\/06\/ad_placeholder-e1725346111228-1080x480.png 1080w\" sizes=\"(max-width: 1692px) 100vw, 1692px\" width=\"1692\" height=\"872\"  style=\"display: inline-block;\" \/><\/a><\/div><\/div>\n<p><span style=\"text-decoration: underline;\">Mejllista f\u00f6r information och erbjudanden<\/span><br \/>\nI v\u00e5r mejllista via Get A Newsletter finns inga andra uppgifter \u00e4n namn och e-postadress och i varje mail\u00a0har du\u00a0m\u00f6jligheten att se dina uppgifter och att avprenumerera fr\u00e5n listan.<\/p>\n<h4><span style=\"color: #000000;\">Hemsidan<\/span><\/h4>\n<p>P\u00e5 v\u00e5r hemsida\u00a0erbjuder vi ingen funktion att kunna l\u00e4mna kommentarer eller att ladda upp bilder.<\/p>\n<p>Inl\u00e4gg har vi antingen skrivit sj\u00e4lva eller delar andras inl\u00e4gg fr\u00e5n fr\u00e4mst Valdemarsviks kommuns evenemangskalender. Dessa delas sker p\u00e5 sociala media s\u00e5som Twitter och Facebook f\u00f6r att sprida evenemang o.d.<\/p>\n<h4><span style=\"color: #000000;\">Inb\u00e4ddad inneh\u00e5ll fr\u00e5n andra webbplatser<\/span><\/h4>\n<p><span style=\"color: #000000;\">Artiklar p\u00e5 denna webbplats kan inneh\u00e5lla inb\u00e4ddat inneh\u00e5ll (exempelvis videoklipp, bilder, artiklar o.s.v.). Inb\u00e4ddat inneh\u00e5ll fr\u00e5n andra webbplatser beter sig precis p\u00e5 samma s\u00e4tt som om bes\u00f6karen har bes\u00f6kt den andra webbplatsen.<\/span><\/p>\n<p><span style=\"color: #000000;\">Dessa webbplatser kan samla in uppgifter om dig, anv\u00e4nda cookie-filer, b\u00e4dda in ytterligare sp\u00e5rning fr\u00e5n tredje part och \u00f6vervaka din interaktion med sagda inb\u00e4ddade inneh\u00e5ll, inklusive sp\u00e5rning av din interaktion med detta inb\u00e4ddade inneh\u00e5ll om du har ett konto och \u00e4r inloggad p\u00e5 webbplatsen i fr\u00e5ga.<\/span><\/p>\n<h4><span style=\"color: #000000;\">Vilka vi delar dina data med<\/span><\/h4>\n<p><span style=\"color: #000000;\">Vi delar inga uppgifter med n\u00e5gon annan part.<\/span><\/p>\n<h4><span style=\"color: #000000;\">Ansvarig f\u00f6r databasen<\/span><\/h4>\n<p><span style=\"color: #000000;\">Ansvarig \u00e4r Thomas Ekh, thomas@mediatrio.se.<\/span><\/p>\n<h4><span style=\"color: #000000;\">Kontaktuppgifter<\/span><\/h4>\n<p><span style=\"color: #000000;\">MediaTrio AB<\/span><br \/>\n<span style=\"color: #000000;\">Storgatan 7<\/span><br \/>\n<span style=\"color: #000000;\">615 30 Valdemarsvik<\/span><br \/>\n<span style=\"color: #000000;\">Telefon 0123-121 81<\/span><br \/>\n<span style=\"color: #000000;\">E-post info@mediatrio.se<\/span><\/p>\n<div class=\"media-efter-artikeltexten media-entity-placement\" id=\"media-4025173163\"><div id=\"exempelannons\" class=\"exempelannons\" style=\"margin-left: auto;margin-right: auto;text-align: center;\"><a href=\"https:\/\/google.se\" aria-label=\"ad_placeholder\"><img loading=\"lazy\" decoding=\"async\" src=\"https:\/\/kunder.bulta.se\/mediatrio24\/wp-content\/uploads\/2024\/06\/ad_placeholder-e1725346111228.png\" alt=\"\"  srcset=\"https:\/\/kunder.bulta.se\/mediatrio24\/wp-content\/uploads\/2024\/06\/ad_placeholder-e1725346111228.png 1692w, https:\/\/kunder.bulta.se\/mediatrio24\/wp-content\/uploads\/2024\/06\/ad_placeholder-e1725346111228-300x133.png 300w, https:\/\/kunder.bulta.se\/mediatrio24\/wp-content\/uploads\/2024\/06\/ad_placeholder-e1725346111228-1024x455.png 1024w, https:\/\/kunder.bulta.se\/mediatrio24\/wp-content\/uploads\/2024\/06\/ad_placeholder-e1725346111228-768x341.png 768w, https:\/\/kunder.bulta.se\/mediatrio24\/wp-content\/uploads\/2024\/06\/ad_placeholder-e1725346111228-1536x683.png 1536w, https:\/\/kunder.bulta.se\/mediatrio24\/wp-content\/uploads\/2024\/06\/ad_placeholder-e1725346111228-1080x480.png 1080w\" sizes=\"(max-width: 1692px) 100vw, 1692px\" width=\"1692\" height=\"872\"  style=\"display: inline-block;\" \/><\/a><\/div><\/div>","protected":false},"excerpt":{"rendered":"<p>S\u00e5 h\u00e4r\u00a0arbetar vi med registeruppgifter! Personuppgifter Hemsida P\u00e5 v\u00e5r hemsida samlar vi inte in n\u00e5gra personuppgifter. Kundregister f\u00f6r fakturering I kundregistret finns uppgifter om faktureringsadress, kontaktperson, ev. e-postadress och telefonnummer. I f\u00f6rekommande fall \u00e4ven organisationsnummer, men inga av dessa uppgifter har lagts in utan att vi f\u00e5tt dem fr\u00e5n dig som faktureringskund. Vi rensar uppgifter\u00a0tv\u00e5 [&hellip;]<\/p>\n","protected":false},"author":3,"featured_media":11669,"parent":0,"menu_order":0,"comment_status":"closed","ping_status":"closed","template":"","meta":{"_et_pb_use_builder":"","_et_pb_old_content":"","_et_gb_content_width":"","_exactmetrics_skip_tracking":false,"_exactmetrics_sitenote_active":false,"_exactmetrics_sitenote_note":"","_exactmetrics_sitenote_category":0,"_monsterinsights_skip_tracking":false,"_monsterinsights_sitenote_active":false,"_monsterinsights_sitenote_note":"","_monsterinsights_sitenote_category":0,"footnotes":""},"class_list":["post-4283","page","type-page","status-publish","has-post-thumbnail","hentry"],"yoast_head":"<!-- This site is optimized with the Yoast SEO Premium plugin v21.8 (Yoast SEO v27.3) - https:\/\/yoast.com\/product\/yoast-seo-premium-wordpress\/ -->\n<title>Integritetspolicy - MediaTrio AB | Tidningar | Fokus p\u00e5 det lokala livet<\/title>\n<meta name=\"robots\" content=\"noindex, follow, max-snippet:-1, max-image-preview:large, max-video-preview:-1\" \/>\n<meta property=\"og:locale\" content=\"sv_SE\" \/>\n<meta property=\"og:type\" content=\"article\" \/>\n<meta property=\"og:title\" content=\"Integritetspolicy\" \/>\n<meta property=\"og:description\" content=\"S\u00e5 h\u00e4r\u00a0arbetar vi med registeruppgifter! Personuppgifter Hemsida P\u00e5 v\u00e5r hemsida samlar vi inte in n\u00e5gra personuppgifter. Kundregister f\u00f6r fakturering I kundregistret finns uppgifter om faktureringsadress, kontaktperson, ev. e-postadress och telefonnummer. I f\u00f6rekommande fall \u00e4ven organisationsnummer, men inga av dessa uppgifter har lagts in utan att vi f\u00e5tt dem fr\u00e5n dig som faktureringskund. Vi rensar uppgifter\u00a0tv\u00e5 [&hellip;]\" \/>\n<meta property=\"og:url\" content=\"https:\/\/kunder.bulta.se\/mediatrio24\/integritetspolicy\/\" \/>\n<meta property=\"og:site_name\" content=\"MediaTrio AB | Tidningar | Fokus p\u00e5 det lokala livet\" \/>\n<meta property=\"article:publisher\" content=\"http:\/\/www.facebook.com\/mediatrio\" \/>\n<meta property=\"article:modified_time\" content=\"2024-07-01T10:38:31+00:00\" \/>\n<meta property=\"og:image\" content=\"https:\/\/kunder.bulta.se\/mediatrio24\/wp-content\/uploads\/2024\/07\/kakor-1-scaled.jpg\" \/>\n\t<meta property=\"og:image:width\" content=\"2560\" \/>\n\t<meta property=\"og:image:height\" content=\"1581\" \/>\n\t<meta property=\"og:image:type\" content=\"image\/jpeg\" \/>\n<meta name=\"twitter:card\" content=\"summary_large_image\" \/>\n<meta name=\"twitter:site\" content=\"@turistcenter\" \/>\n<meta name=\"twitter:label1\" content=\"Ber\u00e4knad l\u00e4stid\" \/>\n\t<meta name=\"twitter:data1\" content=\"2 minuter\" \/>\n<!-- \/ Yoast SEO Premium plugin. -->","yoast_head_json":{"title":"Integritetspolicy - MediaTrio AB | Tidningar | Fokus p\u00e5 det lokala livet","robots":{"index":"noindex","follow":"follow","max-snippet":"max-snippet:-1","max-image-preview":"max-image-preview:large","max-video-preview":"max-video-preview:-1"},"og_locale":"sv_SE","og_type":"article","og_title":"Integritetspolicy","og_description":"S\u00e5 h\u00e4r\u00a0arbetar vi med registeruppgifter! Personuppgifter Hemsida P\u00e5 v\u00e5r hemsida samlar vi inte in n\u00e5gra personuppgifter. Kundregister f\u00f6r fakturering I kundregistret finns uppgifter om faktureringsadress, kontaktperson, ev. e-postadress och telefonnummer. I f\u00f6rekommande fall \u00e4ven organisationsnummer, men inga av dessa uppgifter har lagts in utan att vi f\u00e5tt dem fr\u00e5n dig som faktureringskund. Vi rensar uppgifter\u00a0tv\u00e5 [&hellip;]","og_url":"https:\/\/kunder.bulta.se\/mediatrio24\/integritetspolicy\/","og_site_name":"MediaTrio AB | Tidningar | Fokus p\u00e5 det lokala livet","article_publisher":"http:\/\/www.facebook.com\/mediatrio","article_modified_time":"2024-07-01T10:38:31+00:00","og_image":[{"width":2560,"height":1581,"url":"https:\/\/kunder.bulta.se\/mediatrio24\/wp-content\/uploads\/2024\/07\/kakor-1-scaled.jpg","type":"image\/jpeg"}],"twitter_card":"summary_large_image","twitter_site":"@turistcenter","twitter_misc":{"Ber\u00e4knad l\u00e4stid":"2 minuter"},"schema":{"@context":"https:\/\/schema.org","@graph":[{"@type":"WebPage","@id":"https:\/\/kunder.bulta.se\/mediatrio24\/integritetspolicy\/","url":"https:\/\/kunder.bulta.se\/mediatrio24\/integritetspolicy\/","name":"Integritetspolicy - MediaTrio AB | Tidningar | Fokus p\u00e5 det lokala livet","isPartOf":{"@id":"http:\/\/kunder.bulta.se\/mediatrio24\/#website"},"primaryImageOfPage":{"@id":"https:\/\/kunder.bulta.se\/mediatrio24\/integritetspolicy\/#primaryimage"},"image":{"@id":"https:\/\/kunder.bulta.se\/mediatrio24\/integritetspolicy\/#primaryimage"},"thumbnailUrl":"https:\/\/kunder.bulta.se\/mediatrio24\/wp-content\/uploads\/2024\/07\/kakor-1-scaled.jpg","datePublished":"2022-08-06T07:51:00+00:00","dateModified":"2024-07-01T10:38:31+00:00","breadcrumb":{"@id":"https:\/\/kunder.bulta.se\/mediatrio24\/integritetspolicy\/#breadcrumb"},"inLanguage":"sv-SE","potentialAction":[{"@type":"ReadAction","target":["https:\/\/kunder.bulta.se\/mediatrio24\/integritetspolicy\/"]}]},{"@type":"ImageObject","inLanguage":"sv-SE","@id":"https:\/\/kunder.bulta.se\/mediatrio24\/integritetspolicy\/#primaryimage","url":"https:\/\/kunder.bulta.se\/mediatrio24\/wp-content\/uploads\/2024\/07\/kakor-1-scaled.jpg","contentUrl":"https:\/\/kunder.bulta.se\/mediatrio24\/wp-content\/uploads\/2024\/07\/kakor-1-scaled.jpg","width":2560,"height":1581},{"@type":"BreadcrumbList","@id":"https:\/\/kunder.bulta.se\/mediatrio24\/integritetspolicy\/#breadcrumb","itemListElement":[{"@type":"ListItem","position":1,"name":"Hem","item":"http:\/\/kunder.bulta.se\/mediatrio24\/"},{"@type":"ListItem","position":2,"name":"Integritetspolicy"}]},{"@type":"WebSite","@id":"http:\/\/kunder.bulta.se\/mediatrio24\/#website","url":"http:\/\/kunder.bulta.se\/mediatrio24\/","name":"MediaTrio AB | Tidningar | Fokus p\u00e5 det lokala livet","description":"ValdemarsviksBladet | \u00c5tvidabergsplatsen | Gamlebyplatsen","publisher":{"@id":"http:\/\/kunder.bulta.se\/mediatrio24\/#organization"},"potentialAction":[{"@type":"SearchAction","target":{"@type":"EntryPoint","urlTemplate":"http:\/\/kunder.bulta.se\/mediatrio24\/?s={search_term_string}"},"query-input":{"@type":"PropertyValueSpecification","valueRequired":true,"valueName":"search_term_string"}}],"inLanguage":"sv-SE"},{"@type":"Organization","@id":"http:\/\/kunder.bulta.se\/mediatrio24\/#organization","name":"MediaTrio AB","url":"http:\/\/kunder.bulta.se\/mediatrio24\/","logo":{"@type":"ImageObject","inLanguage":"sv-SE","@id":"http:\/\/kunder.bulta.se\/mediatrio24\/#\/schema\/logo\/image\/","url":"https:\/\/kunder.bulta.se\/mediatrio24\/wp-content\/uploads\/2022\/08\/4BB26FAD-690D-4B82-82AC-2254E508623D.jpeg","contentUrl":"https:\/\/kunder.bulta.se\/mediatrio24\/wp-content\/uploads\/2022\/08\/4BB26FAD-690D-4B82-82AC-2254E508623D.jpeg","width":2160,"height":1232,"caption":"MediaTrio AB"},"image":{"@id":"http:\/\/kunder.bulta.se\/mediatrio24\/#\/schema\/logo\/image\/"},"sameAs":["http:\/\/www.facebook.com\/mediatrio","https:\/\/x.com\/turistcenter","http:\/\/www.facebook.com\/valdemarsviksbladet","http:\/\/www.facebook.com\/atvidabergsplatsen","http:\/\/www.facebook.com\/gamlebyplatsen","http:\/\/www.facebook.com\/valdemarsviksportalen"]}]}},"_links":{"self":[{"href":"https:\/\/kunder.bulta.se\/mediatrio24\/wp-json\/wp\/v2\/pages\/4283","targetHints":{"allow":["GET"]}}],"collection":[{"href":"https:\/\/kunder.bulta.se\/mediatrio24\/wp-json\/wp\/v2\/pages"}],"about":[{"href":"https:\/\/kunder.bulta.se\/mediatrio24\/wp-json\/wp\/v2\/types\/page"}],"author":[{"embeddable":true,"href":"https:\/\/kunder.bulta.se\/mediatrio24\/wp-json\/wp\/v2\/users\/3"}],"replies":[{"embeddable":true,"href":"https:\/\/kunder.bulta.se\/mediatrio24\/wp-json\/wp\/v2\/comments?post=4283"}],"version-history":[{"count":5,"href":"https:\/\/kunder.bulta.se\/mediatrio24\/wp-json\/wp\/v2\/pages\/4283\/revisions"}],"predecessor-version":[{"id":11670,"href":"https:\/\/kunder.bulta.se\/mediatrio24\/wp-json\/wp\/v2\/pages\/4283\/revisions\/11670"}],"wp:featuredmedia":[{"embeddable":true,"href":"https:\/\/kunder.bulta.se\/mediatrio24\/wp-json\/wp\/v2\/media\/11669"}],"wp:attachment":[{"href":"https:\/\/kunder.bulta.se\/mediatrio24\/wp-json\/wp\/v2\/media?parent=4283"}],"curies":[{"name":"wp","href":"https:\/\/api.w.org\/{rel}","templated":true}]}}