{"id":11530,"date":"2024-06-27T16:31:35","date_gmt":"2024-06-27T14:31:35","guid":{"rendered":"https:\/\/kunder.bulta.se\/mediatrio24\/?page_id=11530"},"modified":"2024-06-27T16:31:35","modified_gmt":"2024-06-27T14:31:35","slug":"atvidaberg","status":"publish","type":"page","link":"https:\/\/kunder.bulta.se\/mediatrio24\/atvidaberg\/","title":{"rendered":"Lokala Livet \u00c5tvidaberg- nyheter &#038; n\u00e4rheter"},"content":{"rendered":"<div class=\"media-innan-artikeltexten media-entity-placement\" id=\"media-2897145255\"><div id=\"exempelannons\" class=\"exempelannons\" style=\"margin-left: auto;margin-right: auto;text-align: center;\"><a href=\"https:\/\/google.se\" aria-label=\"ad_placeholder\"><img loading=\"lazy\" decoding=\"async\" src=\"https:\/\/kunder.bulta.se\/mediatrio24\/wp-content\/uploads\/2024\/06\/ad_placeholder-e1725346111228.png\" alt=\"\"  srcset=\"https:\/\/kunder.bulta.se\/mediatrio24\/wp-content\/uploads\/2024\/06\/ad_placeholder-e1725346111228.png 1692w, https:\/\/kunder.bulta.se\/mediatrio24\/wp-content\/uploads\/2024\/06\/ad_placeholder-e1725346111228-300x133.png 300w, https:\/\/kunder.bulta.se\/mediatrio24\/wp-content\/uploads\/2024\/06\/ad_placeholder-e1725346111228-1024x455.png 1024w, https:\/\/kunder.bulta.se\/mediatrio24\/wp-content\/uploads\/2024\/06\/ad_placeholder-e1725346111228-768x341.png 768w, https:\/\/kunder.bulta.se\/mediatrio24\/wp-content\/uploads\/2024\/06\/ad_placeholder-e1725346111228-1536x683.png 1536w, https:\/\/kunder.bulta.se\/mediatrio24\/wp-content\/uploads\/2024\/06\/ad_placeholder-e1725346111228-1080x480.png 1080w\" sizes=\"(max-width: 1692px) 100vw, 1692px\" width=\"1692\" height=\"872\"  style=\"display: inline-block;\" \/><\/a><\/div><\/div><p>(ca 50-100 ord) Saklig kortare text om nyhetstj\u00e4nsten Lokala Livet \u00c5tvidaberg&#8230; Fokus p\u00e5 l\u00e4saren, inte annons\u00f6rerna h\u00e4r. Lorem ipsum dolor sit amet, consectetur adipiscing elit. Ut in orci eu velit consectetur varius. In hac habitasse platea dictumst. Nunc ac fringilla nibh, ut pellentesque urna. Suspendisse mollis ex vel dignissim consectetur. Proin nunc justo, posuere ac sagittis vel, vehicula ut enim. Fusce eu facilisis dolor. Integer pretium justo sed venenatis finibus.<\/p>\n<div class=\"media-efter-artikeltexten media-entity-placement\" id=\"media-2235598111\"><div id=\"exempelannons\" class=\"exempelannons\" style=\"margin-left: auto;margin-right: auto;text-align: center;\"><a href=\"https:\/\/google.se\" aria-label=\"ad_placeholder\"><img loading=\"lazy\" decoding=\"async\" src=\"https:\/\/kunder.bulta.se\/mediatrio24\/wp-content\/uploads\/2024\/06\/ad_placeholder-e1725346111228.png\" alt=\"\"  srcset=\"https:\/\/kunder.bulta.se\/mediatrio24\/wp-content\/uploads\/2024\/06\/ad_placeholder-e1725346111228.png 1692w, https:\/\/kunder.bulta.se\/mediatrio24\/wp-content\/uploads\/2024\/06\/ad_placeholder-e1725346111228-300x133.png 300w, https:\/\/kunder.bulta.se\/mediatrio24\/wp-content\/uploads\/2024\/06\/ad_placeholder-e1725346111228-1024x455.png 1024w, https:\/\/kunder.bulta.se\/mediatrio24\/wp-content\/uploads\/2024\/06\/ad_placeholder-e1725346111228-768x341.png 768w, https:\/\/kunder.bulta.se\/mediatrio24\/wp-content\/uploads\/2024\/06\/ad_placeholder-e1725346111228-1536x683.png 1536w, https:\/\/kunder.bulta.se\/mediatrio24\/wp-content\/uploads\/2024\/06\/ad_placeholder-e1725346111228-1080x480.png 1080w\" sizes=\"(max-width: 1692px) 100vw, 1692px\" width=\"1692\" height=\"872\"  style=\"display: inline-block;\" \/><\/a><\/div><\/div>","protected":false},"excerpt":{"rendered":"<p>(ca 50-100 ord) Saklig kortare text om nyhetstj\u00e4nsten Lokala Livet \u00c5tvidaberg&#8230; Fokus p\u00e5 l\u00e4saren, inte annons\u00f6rerna h\u00e4r. Lorem ipsum dolor sit amet, consectetur adipiscing elit. Ut in orci eu velit consectetur varius. In hac habitasse platea dictumst. Nunc ac fringilla nibh, ut pellentesque urna. Suspendisse mollis ex vel dignissim consectetur. Proin nunc justo, posuere ac [&hellip;]<\/p>\n","protected":false},"author":9,"featured_media":0,"parent":0,"menu_order":0,"comment_status":"closed","ping_status":"closed","template":"","meta":{"_et_pb_use_builder":"","_et_pb_old_content":"","_et_gb_content_width":"","_exactmetrics_skip_tracking":false,"_exactmetrics_sitenote_active":false,"_exactmetrics_sitenote_note":"","_exactmetrics_sitenote_category":0,"_monsterinsights_skip_tracking":false,"_monsterinsights_sitenote_active":false,"_monsterinsights_sitenote_note":"","_monsterinsights_sitenote_category":0,"footnotes":""},"class_list":["post-11530","page","type-page","status-publish","hentry"],"yoast_head":"<!-- This site is optimized with the Yoast SEO Premium plugin v21.8 (Yoast SEO v27.3) - https:\/\/yoast.com\/product\/yoast-seo-premium-wordpress\/ -->\n<title>Lokala Livet \u00c5tvidaberg- nyheter &amp; n\u00e4rheter - MediaTrio AB | Tidningar | Fokus p\u00e5 det lokala livet<\/title>\n<meta name=\"robots\" content=\"noindex, follow, max-snippet:-1, max-image-preview:large, max-video-preview:-1\" \/>\n<meta property=\"og:locale\" content=\"sv_SE\" \/>\n<meta property=\"og:type\" content=\"article\" \/>\n<meta property=\"og:title\" content=\"Lokala Livet \u00c5tvidaberg- nyheter &amp; n\u00e4rheter\" \/>\n<meta property=\"og:description\" content=\"(ca 50-100 ord) Saklig kortare text om nyhetstj\u00e4nsten Lokala Livet \u00c5tvidaberg&#8230; Fokus p\u00e5 l\u00e4saren, inte annons\u00f6rerna h\u00e4r. Lorem ipsum dolor sit amet, consectetur adipiscing elit. Ut in orci eu velit consectetur varius. In hac habitasse platea dictumst. Nunc ac fringilla nibh, ut pellentesque urna. Suspendisse mollis ex vel dignissim consectetur. Proin nunc justo, posuere ac [&hellip;]\" \/>\n<meta property=\"og:url\" content=\"https:\/\/kunder.bulta.se\/mediatrio24\/atvidaberg\/\" \/>\n<meta property=\"og:site_name\" content=\"MediaTrio AB | Tidningar | Fokus p\u00e5 det lokala livet\" \/>\n<meta property=\"article:publisher\" content=\"http:\/\/www.facebook.com\/mediatrio\" \/>\n<meta name=\"twitter:card\" content=\"summary_large_image\" \/>\n<meta name=\"twitter:site\" content=\"@turistcenter\" \/>\n<!-- \/ Yoast SEO Premium plugin. -->","yoast_head_json":{"title":"Lokala Livet \u00c5tvidaberg- nyheter & n\u00e4rheter - MediaTrio AB | Tidningar | Fokus p\u00e5 det lokala livet","robots":{"index":"noindex","follow":"follow","max-snippet":"max-snippet:-1","max-image-preview":"max-image-preview:large","max-video-preview":"max-video-preview:-1"},"og_locale":"sv_SE","og_type":"article","og_title":"Lokala Livet \u00c5tvidaberg- nyheter & n\u00e4rheter","og_description":"(ca 50-100 ord) Saklig kortare text om nyhetstj\u00e4nsten Lokala Livet \u00c5tvidaberg&#8230; Fokus p\u00e5 l\u00e4saren, inte annons\u00f6rerna h\u00e4r. Lorem ipsum dolor sit amet, consectetur adipiscing elit. Ut in orci eu velit consectetur varius. In hac habitasse platea dictumst. Nunc ac fringilla nibh, ut pellentesque urna. Suspendisse mollis ex vel dignissim consectetur. Proin nunc justo, posuere ac [&hellip;]","og_url":"https:\/\/kunder.bulta.se\/mediatrio24\/atvidaberg\/","og_site_name":"MediaTrio AB | Tidningar | Fokus p\u00e5 det lokala livet","article_publisher":"http:\/\/www.facebook.com\/mediatrio","twitter_card":"summary_large_image","twitter_site":"@turistcenter","schema":{"@context":"https:\/\/schema.org","@graph":[{"@type":"WebPage","@id":"https:\/\/kunder.bulta.se\/mediatrio24\/atvidaberg\/","url":"https:\/\/kunder.bulta.se\/mediatrio24\/atvidaberg\/","name":"Lokala Livet \u00c5tvidaberg- nyheter & n\u00e4rheter - MediaTrio AB | Tidningar | Fokus p\u00e5 det lokala livet","isPartOf":{"@id":"http:\/\/kunder.bulta.se\/mediatrio24\/#website"},"datePublished":"2024-06-27T14:31:35+00:00","breadcrumb":{"@id":"https:\/\/kunder.bulta.se\/mediatrio24\/atvidaberg\/#breadcrumb"},"inLanguage":"sv-SE","potentialAction":[{"@type":"ReadAction","target":["https:\/\/kunder.bulta.se\/mediatrio24\/atvidaberg\/"]}]},{"@type":"BreadcrumbList","@id":"https:\/\/kunder.bulta.se\/mediatrio24\/atvidaberg\/#breadcrumb","itemListElement":[{"@type":"ListItem","position":1,"name":"Hem","item":"http:\/\/kunder.bulta.se\/mediatrio24\/"},{"@type":"ListItem","position":2,"name":"Lokala Livet \u00c5tvidaberg- nyheter &#038; n\u00e4rheter"}]},{"@type":"WebSite","@id":"http:\/\/kunder.bulta.se\/mediatrio24\/#website","url":"http:\/\/kunder.bulta.se\/mediatrio24\/","name":"MediaTrio AB | Tidningar | Fokus p\u00e5 det lokala livet","description":"ValdemarsviksBladet | \u00c5tvidabergsplatsen | Gamlebyplatsen","publisher":{"@id":"http:\/\/kunder.bulta.se\/mediatrio24\/#organization"},"potentialAction":[{"@type":"SearchAction","target":{"@type":"EntryPoint","urlTemplate":"http:\/\/kunder.bulta.se\/mediatrio24\/?s={search_term_string}"},"query-input":{"@type":"PropertyValueSpecification","valueRequired":true,"valueName":"search_term_string"}}],"inLanguage":"sv-SE"},{"@type":"Organization","@id":"http:\/\/kunder.bulta.se\/mediatrio24\/#organization","name":"MediaTrio AB","url":"http:\/\/kunder.bulta.se\/mediatrio24\/","logo":{"@type":"ImageObject","inLanguage":"sv-SE","@id":"http:\/\/kunder.bulta.se\/mediatrio24\/#\/schema\/logo\/image\/","url":"https:\/\/kunder.bulta.se\/mediatrio24\/wp-content\/uploads\/2022\/08\/4BB26FAD-690D-4B82-82AC-2254E508623D.jpeg","contentUrl":"https:\/\/kunder.bulta.se\/mediatrio24\/wp-content\/uploads\/2022\/08\/4BB26FAD-690D-4B82-82AC-2254E508623D.jpeg","width":2160,"height":1232,"caption":"MediaTrio AB"},"image":{"@id":"http:\/\/kunder.bulta.se\/mediatrio24\/#\/schema\/logo\/image\/"},"sameAs":["http:\/\/www.facebook.com\/mediatrio","https:\/\/x.com\/turistcenter","http:\/\/www.facebook.com\/valdemarsviksbladet","http:\/\/www.facebook.com\/atvidabergsplatsen","http:\/\/www.facebook.com\/gamlebyplatsen","http:\/\/www.facebook.com\/valdemarsviksportalen"]}]}},"_links":{"self":[{"href":"https:\/\/kunder.bulta.se\/mediatrio24\/wp-json\/wp\/v2\/pages\/11530","targetHints":{"allow":["GET"]}}],"collection":[{"href":"https:\/\/kunder.bulta.se\/mediatrio24\/wp-json\/wp\/v2\/pages"}],"about":[{"href":"https:\/\/kunder.bulta.se\/mediatrio24\/wp-json\/wp\/v2\/types\/page"}],"author":[{"embeddable":true,"href":"https:\/\/kunder.bulta.se\/mediatrio24\/wp-json\/wp\/v2\/users\/9"}],"replies":[{"embeddable":true,"href":"https:\/\/kunder.bulta.se\/mediatrio24\/wp-json\/wp\/v2\/comments?post=11530"}],"version-history":[{"count":1,"href":"https:\/\/kunder.bulta.se\/mediatrio24\/wp-json\/wp\/v2\/pages\/11530\/revisions"}],"predecessor-version":[{"id":11531,"href":"https:\/\/kunder.bulta.se\/mediatrio24\/wp-json\/wp\/v2\/pages\/11530\/revisions\/11531"}],"wp:attachment":[{"href":"https:\/\/kunder.bulta.se\/mediatrio24\/wp-json\/wp\/v2\/media?parent=11530"}],"curies":[{"name":"wp","href":"https:\/\/api.w.org\/{rel}","templated":true}]}}