{"id":11400,"date":"2024-06-19T15:06:54","date_gmt":"2024-06-19T13:06:54","guid":{"rendered":"https:\/\/kunder.bulta.se\/mediatrio24\/?page_id=11400"},"modified":"2024-06-19T15:08:51","modified_gmt":"2024-06-19T13:08:51","slug":"annonsera","status":"publish","type":"page","link":"https:\/\/kunder.bulta.se\/mediatrio24\/annonsera\/","title":{"rendered":"Annonsera i Lokala Livet"},"content":{"rendered":"<div class=\"media-innan-artikeltexten media-entity-placement\" id=\"media-1980055537\"><div id=\"exempelannons\" class=\"exempelannons\" style=\"margin-left: auto;margin-right: auto;text-align: center;\"><a href=\"https:\/\/google.se\" aria-label=\"ad_placeholder\"><img loading=\"lazy\" decoding=\"async\" src=\"https:\/\/kunder.bulta.se\/mediatrio24\/wp-content\/uploads\/2024\/06\/ad_placeholder-e1725346111228.png\" alt=\"\"  srcset=\"https:\/\/kunder.bulta.se\/mediatrio24\/wp-content\/uploads\/2024\/06\/ad_placeholder-e1725346111228.png 1692w, https:\/\/kunder.bulta.se\/mediatrio24\/wp-content\/uploads\/2024\/06\/ad_placeholder-e1725346111228-300x133.png 300w, https:\/\/kunder.bulta.se\/mediatrio24\/wp-content\/uploads\/2024\/06\/ad_placeholder-e1725346111228-1024x455.png 1024w, https:\/\/kunder.bulta.se\/mediatrio24\/wp-content\/uploads\/2024\/06\/ad_placeholder-e1725346111228-768x341.png 768w, https:\/\/kunder.bulta.se\/mediatrio24\/wp-content\/uploads\/2024\/06\/ad_placeholder-e1725346111228-1536x683.png 1536w, https:\/\/kunder.bulta.se\/mediatrio24\/wp-content\/uploads\/2024\/06\/ad_placeholder-e1725346111228-1080x480.png 1080w\" sizes=\"(max-width: 1692px) 100vw, 1692px\" width=\"1692\" height=\"872\"  style=\"display: inline-block;\" \/><\/a><\/div><\/div><p>Sugen p\u00e5 att annonsera hos Lokala Livet? J\u00e4ttebra val!<\/p>\n<p>Vi erbjuder flera tydliga annonsm\u00f6jligheter med olika prisklasser:<\/p><div class=\"media-i-artikeltexten media-entity-placement\" id=\"media-388248238\"><div id=\"exempelannons\" class=\"exempelannons\" style=\"margin-left: auto;margin-right: auto;text-align: center;\"><a href=\"https:\/\/google.se\" aria-label=\"ad_placeholder\"><img loading=\"lazy\" decoding=\"async\" src=\"https:\/\/kunder.bulta.se\/mediatrio24\/wp-content\/uploads\/2024\/06\/ad_placeholder-e1725346111228.png\" alt=\"\"  srcset=\"https:\/\/kunder.bulta.se\/mediatrio24\/wp-content\/uploads\/2024\/06\/ad_placeholder-e1725346111228.png 1692w, https:\/\/kunder.bulta.se\/mediatrio24\/wp-content\/uploads\/2024\/06\/ad_placeholder-e1725346111228-300x133.png 300w, https:\/\/kunder.bulta.se\/mediatrio24\/wp-content\/uploads\/2024\/06\/ad_placeholder-e1725346111228-1024x455.png 1024w, https:\/\/kunder.bulta.se\/mediatrio24\/wp-content\/uploads\/2024\/06\/ad_placeholder-e1725346111228-768x341.png 768w, https:\/\/kunder.bulta.se\/mediatrio24\/wp-content\/uploads\/2024\/06\/ad_placeholder-e1725346111228-1536x683.png 1536w, https:\/\/kunder.bulta.se\/mediatrio24\/wp-content\/uploads\/2024\/06\/ad_placeholder-e1725346111228-1080x480.png 1080w\" sizes=\"(max-width: 1692px) 100vw, 1692px\" width=\"1692\" height=\"872\"  style=\"display: inline-block;\" \/><\/a><\/div><\/div>\n<ul>\n<li><strong><a href=\"https:\/\/kunder.bulta.se\/mediatrio24\/tryckta-tidningsannonser\/\">Tryckt annons i papperstidning<\/a><br \/>\n<\/strong>Passar bra f\u00f6r f\u00f6retag som&#8230;<\/li>\n<li><a href=\"https:\/\/kunder.bulta.se\/mediatrio24\/digitala-annonser\/\"><strong>Digitala annonser p\u00e5 v\u00e5r onlineplattform<\/strong><\/a><br \/>\nPassar bra f\u00f6r f\u00f6retag som&#8230;<\/li>\n<li><strong><a href=\"https:\/\/kunder.bulta.se\/mediatrio24\/boka-och-skapa-personlig-annons-eller-foreningsannons\/\">Personliga annonser<\/a><br \/>\n<\/strong>Passar bra f\u00f6r privatperson och f\u00f6reningar som&#8230;.<\/li>\n<\/ul>\n<div class=\"media-efter-artikeltexten media-entity-placement\" id=\"media-3315799469\"><div id=\"exempelannons\" class=\"exempelannons\" style=\"margin-left: auto;margin-right: auto;text-align: center;\"><a href=\"https:\/\/google.se\" aria-label=\"ad_placeholder\"><img loading=\"lazy\" decoding=\"async\" src=\"https:\/\/kunder.bulta.se\/mediatrio24\/wp-content\/uploads\/2024\/06\/ad_placeholder-e1725346111228.png\" alt=\"\"  srcset=\"https:\/\/kunder.bulta.se\/mediatrio24\/wp-content\/uploads\/2024\/06\/ad_placeholder-e1725346111228.png 1692w, https:\/\/kunder.bulta.se\/mediatrio24\/wp-content\/uploads\/2024\/06\/ad_placeholder-e1725346111228-300x133.png 300w, https:\/\/kunder.bulta.se\/mediatrio24\/wp-content\/uploads\/2024\/06\/ad_placeholder-e1725346111228-1024x455.png 1024w, https:\/\/kunder.bulta.se\/mediatrio24\/wp-content\/uploads\/2024\/06\/ad_placeholder-e1725346111228-768x341.png 768w, https:\/\/kunder.bulta.se\/mediatrio24\/wp-content\/uploads\/2024\/06\/ad_placeholder-e1725346111228-1536x683.png 1536w, https:\/\/kunder.bulta.se\/mediatrio24\/wp-content\/uploads\/2024\/06\/ad_placeholder-e1725346111228-1080x480.png 1080w\" sizes=\"(max-width: 1692px) 100vw, 1692px\" width=\"1692\" height=\"872\"  style=\"display: inline-block;\" \/><\/a><\/div><\/div>","protected":false},"excerpt":{"rendered":"<p>Sugen p\u00e5 att annonsera hos Lokala Livet? J\u00e4ttebra val! Vi erbjuder flera tydliga annonsm\u00f6jligheter med olika prisklasser: Tryckt annons i papperstidning Passar bra f\u00f6r f\u00f6retag som&#8230; Digitala annonser p\u00e5 v\u00e5r onlineplattform Passar bra f\u00f6r f\u00f6retag som&#8230; Personliga annonser Passar bra f\u00f6r privatperson och f\u00f6reningar som&#8230;.<\/p>\n","protected":false},"author":9,"featured_media":0,"parent":0,"menu_order":0,"comment_status":"closed","ping_status":"closed","template":"","meta":{"_et_pb_use_builder":"","_et_pb_old_content":"","_et_gb_content_width":"","_exactmetrics_skip_tracking":false,"_exactmetrics_sitenote_active":false,"_exactmetrics_sitenote_note":"","_exactmetrics_sitenote_category":0,"_monsterinsights_skip_tracking":false,"_monsterinsights_sitenote_active":false,"_monsterinsights_sitenote_note":"","_monsterinsights_sitenote_category":0,"footnotes":""},"class_list":["post-11400","page","type-page","status-publish","hentry"],"yoast_head":"<!-- This site is optimized with the Yoast SEO Premium plugin v21.8 (Yoast SEO v27.3) - https:\/\/yoast.com\/product\/yoast-seo-premium-wordpress\/ -->\n<title>Annonsera i Lokala Livet - MediaTrio AB | Tidningar | Fokus p\u00e5 det lokala livet<\/title>\n<meta name=\"robots\" content=\"noindex, follow, max-snippet:-1, max-image-preview:large, max-video-preview:-1\" \/>\n<meta property=\"og:locale\" content=\"sv_SE\" \/>\n<meta property=\"og:type\" content=\"article\" \/>\n<meta property=\"og:title\" content=\"Annonsera i Lokala Livet\" \/>\n<meta property=\"og:description\" content=\"Sugen p\u00e5 att annonsera hos Lokala Livet? J\u00e4ttebra val! Vi erbjuder flera tydliga annonsm\u00f6jligheter med olika prisklasser: Tryckt annons i papperstidning Passar bra f\u00f6r f\u00f6retag som&#8230; Digitala annonser p\u00e5 v\u00e5r onlineplattform Passar bra f\u00f6r f\u00f6retag som&#8230; Personliga annonser Passar bra f\u00f6r privatperson och f\u00f6reningar som&#8230;.\" \/>\n<meta property=\"og:url\" content=\"https:\/\/kunder.bulta.se\/mediatrio24\/annonsera\/\" \/>\n<meta property=\"og:site_name\" content=\"MediaTrio AB | Tidningar | Fokus p\u00e5 det lokala livet\" \/>\n<meta property=\"article:publisher\" content=\"http:\/\/www.facebook.com\/mediatrio\" \/>\n<meta property=\"article:modified_time\" content=\"2024-06-19T13:08:51+00:00\" \/>\n<meta name=\"twitter:card\" content=\"summary_large_image\" \/>\n<meta name=\"twitter:site\" content=\"@turistcenter\" \/>\n<meta name=\"twitter:label1\" content=\"Ber\u00e4knad l\u00e4stid\" \/>\n\t<meta name=\"twitter:data1\" content=\"1 minut\" \/>\n<!-- \/ Yoast SEO Premium plugin. -->","yoast_head_json":{"title":"Annonsera i Lokala Livet - MediaTrio AB | Tidningar | Fokus p\u00e5 det lokala livet","robots":{"index":"noindex","follow":"follow","max-snippet":"max-snippet:-1","max-image-preview":"max-image-preview:large","max-video-preview":"max-video-preview:-1"},"og_locale":"sv_SE","og_type":"article","og_title":"Annonsera i Lokala Livet","og_description":"Sugen p\u00e5 att annonsera hos Lokala Livet? J\u00e4ttebra val! Vi erbjuder flera tydliga annonsm\u00f6jligheter med olika prisklasser: Tryckt annons i papperstidning Passar bra f\u00f6r f\u00f6retag som&#8230; Digitala annonser p\u00e5 v\u00e5r onlineplattform Passar bra f\u00f6r f\u00f6retag som&#8230; Personliga annonser Passar bra f\u00f6r privatperson och f\u00f6reningar som&#8230;.","og_url":"https:\/\/kunder.bulta.se\/mediatrio24\/annonsera\/","og_site_name":"MediaTrio AB | Tidningar | Fokus p\u00e5 det lokala livet","article_publisher":"http:\/\/www.facebook.com\/mediatrio","article_modified_time":"2024-06-19T13:08:51+00:00","twitter_card":"summary_large_image","twitter_site":"@turistcenter","twitter_misc":{"Ber\u00e4knad l\u00e4stid":"1 minut"},"schema":{"@context":"https:\/\/schema.org","@graph":[{"@type":"WebPage","@id":"https:\/\/kunder.bulta.se\/mediatrio24\/annonsera\/","url":"https:\/\/kunder.bulta.se\/mediatrio24\/annonsera\/","name":"Annonsera i Lokala Livet - MediaTrio AB | Tidningar | Fokus p\u00e5 det lokala livet","isPartOf":{"@id":"https:\/\/kunder.bulta.se\/mediatrio24\/#website"},"datePublished":"2024-06-19T13:06:54+00:00","dateModified":"2024-06-19T13:08:51+00:00","breadcrumb":{"@id":"https:\/\/kunder.bulta.se\/mediatrio24\/annonsera\/#breadcrumb"},"inLanguage":"sv-SE","potentialAction":[{"@type":"ReadAction","target":["https:\/\/kunder.bulta.se\/mediatrio24\/annonsera\/"]}]},{"@type":"BreadcrumbList","@id":"https:\/\/kunder.bulta.se\/mediatrio24\/annonsera\/#breadcrumb","itemListElement":[{"@type":"ListItem","position":1,"name":"Hem","item":"https:\/\/kunder.bulta.se\/mediatrio24\/"},{"@type":"ListItem","position":2,"name":"Annonsera i Lokala Livet"}]},{"@type":"WebSite","@id":"https:\/\/kunder.bulta.se\/mediatrio24\/#website","url":"https:\/\/kunder.bulta.se\/mediatrio24\/","name":"MediaTrio AB | Tidningar | Fokus p\u00e5 det lokala livet","description":"ValdemarsviksBladet | \u00c5tvidabergsplatsen | Gamlebyplatsen","publisher":{"@id":"https:\/\/kunder.bulta.se\/mediatrio24\/#organization"},"potentialAction":[{"@type":"SearchAction","target":{"@type":"EntryPoint","urlTemplate":"https:\/\/kunder.bulta.se\/mediatrio24\/?s={search_term_string}"},"query-input":{"@type":"PropertyValueSpecification","valueRequired":true,"valueName":"search_term_string"}}],"inLanguage":"sv-SE"},{"@type":"Organization","@id":"https:\/\/kunder.bulta.se\/mediatrio24\/#organization","name":"MediaTrio AB","url":"https:\/\/kunder.bulta.se\/mediatrio24\/","logo":{"@type":"ImageObject","inLanguage":"sv-SE","@id":"https:\/\/kunder.bulta.se\/mediatrio24\/#\/schema\/logo\/image\/","url":"https:\/\/kunder.bulta.se\/mediatrio24\/wp-content\/uploads\/2022\/08\/4BB26FAD-690D-4B82-82AC-2254E508623D.jpeg","contentUrl":"https:\/\/kunder.bulta.se\/mediatrio24\/wp-content\/uploads\/2022\/08\/4BB26FAD-690D-4B82-82AC-2254E508623D.jpeg","width":2160,"height":1232,"caption":"MediaTrio AB"},"image":{"@id":"https:\/\/kunder.bulta.se\/mediatrio24\/#\/schema\/logo\/image\/"},"sameAs":["http:\/\/www.facebook.com\/mediatrio","https:\/\/x.com\/turistcenter","http:\/\/www.facebook.com\/valdemarsviksbladet","http:\/\/www.facebook.com\/atvidabergsplatsen","http:\/\/www.facebook.com\/gamlebyplatsen","http:\/\/www.facebook.com\/valdemarsviksportalen"]}]}},"_links":{"self":[{"href":"https:\/\/kunder.bulta.se\/mediatrio24\/wp-json\/wp\/v2\/pages\/11400","targetHints":{"allow":["GET"]}}],"collection":[{"href":"https:\/\/kunder.bulta.se\/mediatrio24\/wp-json\/wp\/v2\/pages"}],"about":[{"href":"https:\/\/kunder.bulta.se\/mediatrio24\/wp-json\/wp\/v2\/types\/page"}],"author":[{"embeddable":true,"href":"https:\/\/kunder.bulta.se\/mediatrio24\/wp-json\/wp\/v2\/users\/9"}],"replies":[{"embeddable":true,"href":"https:\/\/kunder.bulta.se\/mediatrio24\/wp-json\/wp\/v2\/comments?post=11400"}],"version-history":[{"count":3,"href":"https:\/\/kunder.bulta.se\/mediatrio24\/wp-json\/wp\/v2\/pages\/11400\/revisions"}],"predecessor-version":[{"id":11403,"href":"https:\/\/kunder.bulta.se\/mediatrio24\/wp-json\/wp\/v2\/pages\/11400\/revisions\/11403"}],"wp:attachment":[{"href":"https:\/\/kunder.bulta.se\/mediatrio24\/wp-json\/wp\/v2\/media?parent=11400"}],"curies":[{"name":"wp","href":"https:\/\/api.w.org\/{rel}","templated":true}]}}