{"id":11394,"date":"2024-06-19T14:56:53","date_gmt":"2024-06-19T12:56:53","guid":{"rendered":"https:\/\/kunder.bulta.se\/mediatrio24\/?page_id=11394"},"modified":"2024-06-19T17:17:18","modified_gmt":"2024-06-19T15:17:18","slug":"digitala-annonser","status":"publish","type":"page","link":"https:\/\/kunder.bulta.se\/mediatrio24\/annonsera\/digitala-annonser\/","title":{"rendered":"Digitala annonser"},"content":{"rendered":"<div class=\"media-innan-artikeltexten media-entity-placement\" id=\"media-3564329369\"><div id=\"exempelannons\" class=\"exempelannons\" style=\"margin-left: auto;margin-right: auto;text-align: center;\"><a href=\"https:\/\/google.se\" aria-label=\"ad_placeholder\"><img loading=\"lazy\" decoding=\"async\" src=\"https:\/\/kunder.bulta.se\/mediatrio24\/wp-content\/uploads\/2024\/06\/ad_placeholder-e1725346111228.png\" alt=\"\"  srcset=\"https:\/\/kunder.bulta.se\/mediatrio24\/wp-content\/uploads\/2024\/06\/ad_placeholder-e1725346111228.png 1692w, https:\/\/kunder.bulta.se\/mediatrio24\/wp-content\/uploads\/2024\/06\/ad_placeholder-e1725346111228-300x133.png 300w, https:\/\/kunder.bulta.se\/mediatrio24\/wp-content\/uploads\/2024\/06\/ad_placeholder-e1725346111228-1024x455.png 1024w, https:\/\/kunder.bulta.se\/mediatrio24\/wp-content\/uploads\/2024\/06\/ad_placeholder-e1725346111228-768x341.png 768w, https:\/\/kunder.bulta.se\/mediatrio24\/wp-content\/uploads\/2024\/06\/ad_placeholder-e1725346111228-1536x683.png 1536w, https:\/\/kunder.bulta.se\/mediatrio24\/wp-content\/uploads\/2024\/06\/ad_placeholder-e1725346111228-1080x480.png 1080w\" sizes=\"(max-width: 1692px) 100vw, 1692px\" width=\"1692\" height=\"872\"  style=\"display: inline-block;\" \/><\/a><\/div><\/div><p>Annonsera online p\u00e5 v\u00e5r digitala nyhetsplattform &#8211; h\u00e4r p\u00e5 lokalalivet.nu!<\/p>\n<h2>Investera i digitala annonser p\u00e5 lokalalivet.nu<\/h2>\n<p>D\u00e4rf\u00f6r ska du k\u00f6ra annonser av oss&#8230;<\/p><div class=\"media-i-artikeltexten media-entity-placement\" id=\"media-3233077875\"><div id=\"exempelannons\" class=\"exempelannons\" style=\"margin-left: auto;margin-right: auto;text-align: center;\"><a href=\"https:\/\/google.se\" aria-label=\"ad_placeholder\"><img loading=\"lazy\" decoding=\"async\" src=\"https:\/\/kunder.bulta.se\/mediatrio24\/wp-content\/uploads\/2024\/06\/ad_placeholder-e1725346111228.png\" alt=\"\"  srcset=\"https:\/\/kunder.bulta.se\/mediatrio24\/wp-content\/uploads\/2024\/06\/ad_placeholder-e1725346111228.png 1692w, https:\/\/kunder.bulta.se\/mediatrio24\/wp-content\/uploads\/2024\/06\/ad_placeholder-e1725346111228-300x133.png 300w, https:\/\/kunder.bulta.se\/mediatrio24\/wp-content\/uploads\/2024\/06\/ad_placeholder-e1725346111228-1024x455.png 1024w, https:\/\/kunder.bulta.se\/mediatrio24\/wp-content\/uploads\/2024\/06\/ad_placeholder-e1725346111228-768x341.png 768w, https:\/\/kunder.bulta.se\/mediatrio24\/wp-content\/uploads\/2024\/06\/ad_placeholder-e1725346111228-1536x683.png 1536w, https:\/\/kunder.bulta.se\/mediatrio24\/wp-content\/uploads\/2024\/06\/ad_placeholder-e1725346111228-1080x480.png 1080w\" sizes=\"(max-width: 1692px) 100vw, 1692px\" width=\"1692\" height=\"872\"  style=\"display: inline-block;\" \/><\/a><\/div><\/div>\n<h3>F\u00f6rdelar med digitala annonser<\/h3>\n<p>Det \u00e4r bra f\u00f6r att&#8230;<\/p>\n<h3>Vad inneb\u00e4r v\u00e5rt erbjudande om onlieannonsering?<\/h3>\n<p>Du visas upp p\u00e5 plats X, Y och Z, minst X g\u00e5nger per Y&#8230;<\/p>\n<h3>Vad kostar det?<\/h3>\n<h4>Pris f\u00f6r liten annons<\/h4>\n<ul>\n<li>Per m\u00e5nad och minst 2500 visningar: 250 pengar<\/li>\n<li>Per m\u00e5nad och minst 5000 visningar: 400 pengar<\/li>\n<li>Per m\u00e5nad och minst 10000 visningar: 750 pengar<\/li>\n<\/ul>\n<h4>Pris f\u00f6r stor annons<\/h4>\n<ul>\n<li>Per m\u00e5nad och minst 2500 visningar: 250 pengar<\/li>\n<li>Per m\u00e5nad och minst 5000 visningar: 400 pengar<\/li>\n<li>Per m\u00e5nad och minst 10000 visningar: 750 pengar<\/li>\n<\/ul>\n<h4>Vad f\u00e5r jag f\u00f6r det?<\/h4>\n<p>Vi garanterar ett visst antal visningar som din annons visas f\u00f6r v\u00e5ra bes\u00f6kare.<\/p>\n<p>Du f\u00e5r statistik p\u00e5&#8230; X, Y, Z<\/p>\n<h2>Vill du v\u00e4xa med annonser hos oss?<\/h2>\n<p>Kontakta&#8230;<\/p>\n<div class=\"media-efter-artikeltexten media-entity-placement\" id=\"media-2870336965\"><div id=\"exempelannons\" class=\"exempelannons\" style=\"margin-left: auto;margin-right: auto;text-align: center;\"><a href=\"https:\/\/google.se\" aria-label=\"ad_placeholder\"><img loading=\"lazy\" decoding=\"async\" src=\"https:\/\/kunder.bulta.se\/mediatrio24\/wp-content\/uploads\/2024\/06\/ad_placeholder-e1725346111228.png\" alt=\"\"  srcset=\"https:\/\/kunder.bulta.se\/mediatrio24\/wp-content\/uploads\/2024\/06\/ad_placeholder-e1725346111228.png 1692w, https:\/\/kunder.bulta.se\/mediatrio24\/wp-content\/uploads\/2024\/06\/ad_placeholder-e1725346111228-300x133.png 300w, https:\/\/kunder.bulta.se\/mediatrio24\/wp-content\/uploads\/2024\/06\/ad_placeholder-e1725346111228-1024x455.png 1024w, https:\/\/kunder.bulta.se\/mediatrio24\/wp-content\/uploads\/2024\/06\/ad_placeholder-e1725346111228-768x341.png 768w, https:\/\/kunder.bulta.se\/mediatrio24\/wp-content\/uploads\/2024\/06\/ad_placeholder-e1725346111228-1536x683.png 1536w, https:\/\/kunder.bulta.se\/mediatrio24\/wp-content\/uploads\/2024\/06\/ad_placeholder-e1725346111228-1080x480.png 1080w\" sizes=\"(max-width: 1692px) 100vw, 1692px\" width=\"1692\" height=\"872\"  style=\"display: inline-block;\" \/><\/a><\/div><\/div>","protected":false},"excerpt":{"rendered":"<p>Annonsera online p\u00e5 v\u00e5r digitala nyhetsplattform &#8211; h\u00e4r p\u00e5 lokalalivet.nu! Investera i digitala annonser p\u00e5 lokalalivet.nu D\u00e4rf\u00f6r ska du k\u00f6ra annonser av oss&#8230; F\u00f6rdelar med digitala annonser Det \u00e4r bra f\u00f6r att&#8230; Vad inneb\u00e4r v\u00e5rt erbjudande om onlieannonsering? Du visas upp p\u00e5 plats X, Y och Z, minst X g\u00e5nger per Y&#8230; Vad kostar det? [&hellip;]<\/p>\n","protected":false},"author":9,"featured_media":0,"parent":11400,"menu_order":0,"comment_status":"closed","ping_status":"closed","template":"","meta":{"_et_pb_use_builder":"","_et_pb_old_content":"","_et_gb_content_width":"","_exactmetrics_skip_tracking":false,"_exactmetrics_sitenote_active":false,"_exactmetrics_sitenote_note":"","_exactmetrics_sitenote_category":0,"_monsterinsights_skip_tracking":false,"_monsterinsights_sitenote_active":false,"_monsterinsights_sitenote_note":"","_monsterinsights_sitenote_category":0,"footnotes":""},"class_list":["post-11394","page","type-page","status-publish","hentry"],"yoast_head":"<!-- This site is optimized with the Yoast SEO Premium plugin v21.8 (Yoast SEO v27.3) - https:\/\/yoast.com\/product\/yoast-seo-premium-wordpress\/ -->\n<title>Digitala annonser - MediaTrio AB | Tidningar | Fokus p\u00e5 det lokala livet<\/title>\n<meta name=\"robots\" content=\"noindex, follow, max-snippet:-1, max-image-preview:large, max-video-preview:-1\" \/>\n<meta property=\"og:locale\" content=\"sv_SE\" \/>\n<meta property=\"og:type\" content=\"article\" \/>\n<meta property=\"og:title\" content=\"Digitala annonser\" \/>\n<meta property=\"og:description\" content=\"Annonsera online p\u00e5 v\u00e5r digitala nyhetsplattform &#8211; h\u00e4r p\u00e5 lokalalivet.nu! Investera i digitala annonser p\u00e5 lokalalivet.nu D\u00e4rf\u00f6r ska du k\u00f6ra annonser av oss&#8230; F\u00f6rdelar med digitala annonser Det \u00e4r bra f\u00f6r att&#8230; Vad inneb\u00e4r v\u00e5rt erbjudande om onlieannonsering? Du visas upp p\u00e5 plats X, Y och Z, minst X g\u00e5nger per Y&#8230; Vad kostar det? [&hellip;]\" \/>\n<meta property=\"og:url\" content=\"https:\/\/kunder.bulta.se\/mediatrio24\/annonsera\/digitala-annonser\/\" \/>\n<meta property=\"og:site_name\" content=\"MediaTrio AB | Tidningar | Fokus p\u00e5 det lokala livet\" \/>\n<meta property=\"article:publisher\" content=\"http:\/\/www.facebook.com\/mediatrio\" \/>\n<meta property=\"article:modified_time\" content=\"2024-06-19T15:17:18+00:00\" \/>\n<meta name=\"twitter:card\" content=\"summary_large_image\" \/>\n<meta name=\"twitter:site\" content=\"@turistcenter\" \/>\n<meta name=\"twitter:label1\" content=\"Ber\u00e4knad l\u00e4stid\" \/>\n\t<meta name=\"twitter:data1\" content=\"1 minut\" \/>\n<!-- \/ Yoast SEO Premium plugin. -->","yoast_head_json":{"title":"Digitala annonser - MediaTrio AB | Tidningar | Fokus p\u00e5 det lokala livet","robots":{"index":"noindex","follow":"follow","max-snippet":"max-snippet:-1","max-image-preview":"max-image-preview:large","max-video-preview":"max-video-preview:-1"},"og_locale":"sv_SE","og_type":"article","og_title":"Digitala annonser","og_description":"Annonsera online p\u00e5 v\u00e5r digitala nyhetsplattform &#8211; h\u00e4r p\u00e5 lokalalivet.nu! Investera i digitala annonser p\u00e5 lokalalivet.nu D\u00e4rf\u00f6r ska du k\u00f6ra annonser av oss&#8230; F\u00f6rdelar med digitala annonser Det \u00e4r bra f\u00f6r att&#8230; Vad inneb\u00e4r v\u00e5rt erbjudande om onlieannonsering? Du visas upp p\u00e5 plats X, Y och Z, minst X g\u00e5nger per Y&#8230; Vad kostar det? [&hellip;]","og_url":"https:\/\/kunder.bulta.se\/mediatrio24\/annonsera\/digitala-annonser\/","og_site_name":"MediaTrio AB | Tidningar | Fokus p\u00e5 det lokala livet","article_publisher":"http:\/\/www.facebook.com\/mediatrio","article_modified_time":"2024-06-19T15:17:18+00:00","twitter_card":"summary_large_image","twitter_site":"@turistcenter","twitter_misc":{"Ber\u00e4knad l\u00e4stid":"1 minut"},"schema":{"@context":"https:\/\/schema.org","@graph":[{"@type":"WebPage","@id":"https:\/\/kunder.bulta.se\/mediatrio24\/annonsera\/digitala-annonser\/","url":"https:\/\/kunder.bulta.se\/mediatrio24\/annonsera\/digitala-annonser\/","name":"Digitala annonser - MediaTrio AB | Tidningar | Fokus p\u00e5 det lokala livet","isPartOf":{"@id":"https:\/\/kunder.bulta.se\/mediatrio24\/#website"},"datePublished":"2024-06-19T12:56:53+00:00","dateModified":"2024-06-19T15:17:18+00:00","breadcrumb":{"@id":"https:\/\/kunder.bulta.se\/mediatrio24\/annonsera\/digitala-annonser\/#breadcrumb"},"inLanguage":"sv-SE","potentialAction":[{"@type":"ReadAction","target":["https:\/\/kunder.bulta.se\/mediatrio24\/annonsera\/digitala-annonser\/"]}]},{"@type":"BreadcrumbList","@id":"https:\/\/kunder.bulta.se\/mediatrio24\/annonsera\/digitala-annonser\/#breadcrumb","itemListElement":[{"@type":"ListItem","position":1,"name":"Hem","item":"https:\/\/kunder.bulta.se\/mediatrio24\/"},{"@type":"ListItem","position":2,"name":"Annonsera i Lokala Livet","item":"https:\/\/kunder.bulta.se\/mediatrio24\/annonsera\/"},{"@type":"ListItem","position":3,"name":"Digitala annonser"}]},{"@type":"WebSite","@id":"https:\/\/kunder.bulta.se\/mediatrio24\/#website","url":"https:\/\/kunder.bulta.se\/mediatrio24\/","name":"MediaTrio AB | Tidningar | Fokus p\u00e5 det lokala livet","description":"ValdemarsviksBladet | \u00c5tvidabergsplatsen | Gamlebyplatsen","publisher":{"@id":"https:\/\/kunder.bulta.se\/mediatrio24\/#organization"},"potentialAction":[{"@type":"SearchAction","target":{"@type":"EntryPoint","urlTemplate":"https:\/\/kunder.bulta.se\/mediatrio24\/?s={search_term_string}"},"query-input":{"@type":"PropertyValueSpecification","valueRequired":true,"valueName":"search_term_string"}}],"inLanguage":"sv-SE"},{"@type":"Organization","@id":"https:\/\/kunder.bulta.se\/mediatrio24\/#organization","name":"MediaTrio AB","url":"https:\/\/kunder.bulta.se\/mediatrio24\/","logo":{"@type":"ImageObject","inLanguage":"sv-SE","@id":"https:\/\/kunder.bulta.se\/mediatrio24\/#\/schema\/logo\/image\/","url":"https:\/\/kunder.bulta.se\/mediatrio24\/wp-content\/uploads\/2022\/08\/4BB26FAD-690D-4B82-82AC-2254E508623D.jpeg","contentUrl":"https:\/\/kunder.bulta.se\/mediatrio24\/wp-content\/uploads\/2022\/08\/4BB26FAD-690D-4B82-82AC-2254E508623D.jpeg","width":2160,"height":1232,"caption":"MediaTrio AB"},"image":{"@id":"https:\/\/kunder.bulta.se\/mediatrio24\/#\/schema\/logo\/image\/"},"sameAs":["http:\/\/www.facebook.com\/mediatrio","https:\/\/x.com\/turistcenter","http:\/\/www.facebook.com\/valdemarsviksbladet","http:\/\/www.facebook.com\/atvidabergsplatsen","http:\/\/www.facebook.com\/gamlebyplatsen","http:\/\/www.facebook.com\/valdemarsviksportalen"]}]}},"_links":{"self":[{"href":"https:\/\/kunder.bulta.se\/mediatrio24\/wp-json\/wp\/v2\/pages\/11394","targetHints":{"allow":["GET"]}}],"collection":[{"href":"https:\/\/kunder.bulta.se\/mediatrio24\/wp-json\/wp\/v2\/pages"}],"about":[{"href":"https:\/\/kunder.bulta.se\/mediatrio24\/wp-json\/wp\/v2\/types\/page"}],"author":[{"embeddable":true,"href":"https:\/\/kunder.bulta.se\/mediatrio24\/wp-json\/wp\/v2\/users\/9"}],"replies":[{"embeddable":true,"href":"https:\/\/kunder.bulta.se\/mediatrio24\/wp-json\/wp\/v2\/comments?post=11394"}],"version-history":[{"count":1,"href":"https:\/\/kunder.bulta.se\/mediatrio24\/wp-json\/wp\/v2\/pages\/11394\/revisions"}],"predecessor-version":[{"id":11396,"href":"https:\/\/kunder.bulta.se\/mediatrio24\/wp-json\/wp\/v2\/pages\/11394\/revisions\/11396"}],"up":[{"embeddable":true,"href":"https:\/\/kunder.bulta.se\/mediatrio24\/wp-json\/wp\/v2\/pages\/11400"}],"wp:attachment":[{"href":"https:\/\/kunder.bulta.se\/mediatrio24\/wp-json\/wp\/v2\/media?parent=11394"}],"curies":[{"name":"wp","href":"https:\/\/api.w.org\/{rel}","templated":true}]}}