{"id":10065,"date":"2023-08-15T15:15:51","date_gmt":"2023-08-15T13:15:51","guid":{"rendered":"https:\/\/mediatrio.se\/?page_id=10065"},"modified":"2024-06-19T16:14:33","modified_gmt":"2024-06-19T14:14:33","slug":"personlig-annons-eller-foreningsannons","status":"publish","type":"page","link":"https:\/\/kunder.bulta.se\/mediatrio24\/annonsera\/personlig-annons-eller-foreningsannons\/","title":{"rendered":"Boka och skapa personlig annons eller f\u00f6reningsannons"},"content":{"rendered":"<div class=\"media-innan-artikeltexten media-entity-placement\" id=\"media-908502375\"><div id=\"exempelannons\" class=\"exempelannons\" style=\"margin-left: auto;margin-right: auto;text-align: center;\"><a href=\"https:\/\/google.se\" aria-label=\"ad_placeholder\"><img loading=\"lazy\" decoding=\"async\" src=\"https:\/\/kunder.bulta.se\/mediatrio24\/wp-content\/uploads\/2024\/06\/ad_placeholder-e1725346111228.png\" alt=\"\"  srcset=\"https:\/\/kunder.bulta.se\/mediatrio24\/wp-content\/uploads\/2024\/06\/ad_placeholder-e1725346111228.png 1692w, https:\/\/kunder.bulta.se\/mediatrio24\/wp-content\/uploads\/2024\/06\/ad_placeholder-e1725346111228-300x133.png 300w, https:\/\/kunder.bulta.se\/mediatrio24\/wp-content\/uploads\/2024\/06\/ad_placeholder-e1725346111228-1024x455.png 1024w, https:\/\/kunder.bulta.se\/mediatrio24\/wp-content\/uploads\/2024\/06\/ad_placeholder-e1725346111228-768x341.png 768w, https:\/\/kunder.bulta.se\/mediatrio24\/wp-content\/uploads\/2024\/06\/ad_placeholder-e1725346111228-1536x683.png 1536w, https:\/\/kunder.bulta.se\/mediatrio24\/wp-content\/uploads\/2024\/06\/ad_placeholder-e1725346111228-1080x480.png 1080w\" sizes=\"(max-width: 1692px) 100vw, 1692px\" width=\"1692\" height=\"872\"  style=\"display: inline-block;\" \/><\/a><\/div><\/div>\r\n<h4 id=\"h-mediatrio-ab-har-inlett-ett-samarbete-med-tidningsannonsen-ab-med-vara-med-gratistidningar-valdemarsviksbladet-atvidabergsplatsen-och-gamlebyplatsen-nu-erbjuder-vi-er-som-privatpersoner-och-foreningar-att-enkelt-kan-skapa-er-annons-i-ett-webbaserat-verktyg-till-en-overkomlig-kostnad\" class=\"wp-block-heading\"><strong>MediaTrio AB<\/strong> har inlett ett samarbete med Tidningsannonsen AB med v\u00e5ra med gratistidningar ValdemarsviksBladet, \u00c5tvidabergsplatsen och Gamlebyplatsen. Nu erbjuder vi er som privatpersoner och f\u00f6reningar att enkelt kan skapa er annons i ett webbaserat verktyg till en \u00f6verkomlig kostnad.<\/h4>\r\n\r\n\r\n\r\n<figure class=\"wp-block-image size-full\"><img loading=\"lazy\" decoding=\"async\" width=\"945\" height=\"709\" class=\"wp-image-10018\" src=\"https:\/\/kunder.bulta.se\/mediatrio24\/wp-content\/uploads\/2023\/08\/annonser.png\" alt=\"\" srcset=\"https:\/\/kunder.bulta.se\/mediatrio24\/wp-content\/uploads\/2023\/08\/annonser.png 945w, https:\/\/kunder.bulta.se\/mediatrio24\/wp-content\/uploads\/2023\/08\/annonser-300x225.png 300w, https:\/\/kunder.bulta.se\/mediatrio24\/wp-content\/uploads\/2023\/08\/annonser-768x576.png 768w, https:\/\/kunder.bulta.se\/mediatrio24\/wp-content\/uploads\/2023\/08\/annonser-678x509.png 678w, https:\/\/kunder.bulta.se\/mediatrio24\/wp-content\/uploads\/2023\/08\/annonser-326x245.png 326w, https:\/\/kunder.bulta.se\/mediatrio24\/wp-content\/uploads\/2023\/08\/annonser-80x60.png 80w\" sizes=\"auto, (max-width: 945px) 100vw, 945px\" \/><\/figure>\r\n\r\n\r\n\r\n<p>Det finns tre huvudrubriker,\u00a0<em>Privatannonser<\/em>,\u00a0<em>Sorgeannonser<\/em>\u00a0och\u00a0<em>F\u00f6reningsannonser<\/em>. Under Privatannonser och Sorgeannonser finns sedan olika underrubriker som till exempel\u00a0<em>Grattis<\/em>,\u00a0<em>Ros<\/em>,\u00a0<em>Efterlyses<\/em>,\u00a0<em>S\u00e4ljes<\/em>,\u00a0<em>\u00d6nskas hyra<\/em>,\u00a0<em>Avlidna<\/em>,\u00a0<em>Till minne<\/em>\u00a0med flera.<\/p>\r\n\r\n\r\n\r\n<h3 id=\"h-skraddarsy-din-annons-valj-en-fardig-mall-skapa-din-annons-publicera-i-tidningen-snabbt-och-enkelt\" class=\"wp-block-heading\"><strong>Skr\u00e4ddarsy Din annons \u2013 V\u00e4lj en f\u00e4rdig mall<\/strong><br \/><strong>Skapa Din annons \u2013 Publicera i tidningen<br \/>SNABBT och ENKELT!<\/strong><\/h3>\r\n\r\n\r\n\r\n<p>Hur fungerar det?<\/p><div class=\"media-i-artikeltexten media-entity-placement\" id=\"media-4273778675\"><div id=\"exempelannons\" class=\"exempelannons\" style=\"margin-left: auto;margin-right: auto;text-align: center;\"><a href=\"https:\/\/google.se\" aria-label=\"ad_placeholder\"><img loading=\"lazy\" decoding=\"async\" src=\"https:\/\/kunder.bulta.se\/mediatrio24\/wp-content\/uploads\/2024\/06\/ad_placeholder-e1725346111228.png\" alt=\"\"  srcset=\"https:\/\/kunder.bulta.se\/mediatrio24\/wp-content\/uploads\/2024\/06\/ad_placeholder-e1725346111228.png 1692w, https:\/\/kunder.bulta.se\/mediatrio24\/wp-content\/uploads\/2024\/06\/ad_placeholder-e1725346111228-300x133.png 300w, https:\/\/kunder.bulta.se\/mediatrio24\/wp-content\/uploads\/2024\/06\/ad_placeholder-e1725346111228-1024x455.png 1024w, https:\/\/kunder.bulta.se\/mediatrio24\/wp-content\/uploads\/2024\/06\/ad_placeholder-e1725346111228-768x341.png 768w, https:\/\/kunder.bulta.se\/mediatrio24\/wp-content\/uploads\/2024\/06\/ad_placeholder-e1725346111228-1536x683.png 1536w, https:\/\/kunder.bulta.se\/mediatrio24\/wp-content\/uploads\/2024\/06\/ad_placeholder-e1725346111228-1080x480.png 1080w\" sizes=\"(max-width: 1692px) 100vw, 1692px\" width=\"1692\" height=\"872\"  style=\"display: inline-block;\" \/><\/a><\/div><\/div>\r\n\r\n\r\n\r\n<ol class=\"wp-block-list\">\r\n<li>G\u00e5 till v\u00e5r hemsida f\u00f6r att skapa och best\u00e4lla din annons.<br \/>(www.mediatrio.se \u2013 \u201cSkapa annons\u201d)<\/li>\r\n\r\n\r\n\r\n<li>V\u00e4lj huvudrubrik.<\/li>\r\n\r\n\r\n\r\n<li>V\u00e4lj tidning som annonsen ska publiceras i.<br \/>(Flera av v\u00e5ra tidningar kan v\u00e4ljas efter att annonsen skapats)<\/li>\r\n\r\n\r\n\r\n<li>V\u00e4lj underrubrik.<\/li>\r\n\r\n\r\n\r\n<li>V\u00e4lj storlek och typ av annons bland f\u00f6rslagen.<\/li>\r\n\r\n\r\n\r\n<li>B\u00f6rja skapa genom att ladda upp eventuell bild eller v\u00e4lj fr\u00e5n<br \/>bildarkivet i systemet, fyll i de olika textf\u00e4lten.<\/li>\r\n\r\n\r\n\r\n<li>F\u00f6rhandsgranska annonsen, du ser \u00e4ven priset f\u00f6r annonsen.<br \/>\u00c4ndra bild eller text. Om annonsen \u00e4r OK, klicka p\u00e5 N\u00e4sta.<\/li>\r\n\r\n\r\n\r\n<li>V\u00e4lj inf\u00f6randedatum, klicka p\u00e5 N\u00e4sta.<\/li>\r\n\r\n\r\n\r\n<li>Godk\u00e4nn sedan best\u00e4llningen genom att klicka p\u00e5 Bekr\u00e4fta.<\/li>\r\n\r\n\r\n\r\n<li>H\u00e4r kan du antingen v\u00e4lja att l\u00e4gga till annonsen i ytterligare<br \/>en tidning eller att g\u00e5 vidare till G\u00e5 till kassa.<\/li>\r\n\r\n\r\n\r\n<li>V\u00e4lj betalningss\u00e4tt, fyll i beg\u00e4rda uppgifter och Slutf\u00f6r k\u00f6p.<\/li>\r\n\r\n\r\n\r\n<li>Annonsen \u00e4r nu bokad och skickad f\u00f6r publicering.<\/li>\r\n<\/ol>\r\n\r\n\r\n\r\n<div class=\"wp-block-buttons is-layout-flex wp-block-buttons-is-layout-flex\">\r\n<div class=\"wp-block-button\"><a class=\"wp-block-button__link has-black-color has-luminous-vivid-amber-background-color has-text-color has-background wp-element-button\" href=\"https:\/\/tidningsannonsen.se\/mediatrio\" target=\"_blank\" rel=\"noreferrer noopener\"><strong>TILL ANNONSBOKNINGEN &gt;&gt;&gt;<\/strong><\/a><\/div>\r\n<\/div>\r\n\r\n\r\n\r\n<p>&nbsp;<\/p>\r\n\r\n\r\n\r\n<h4 id=\"h-vi-har-en-introduktionskampanj-under-hosten-sa-passa-pa-att-prova-att-annonsera-privat-hos-oss-priser-fran-100-kronor\" class=\"wp-block-heading has-vivid-red-color has-text-color\"><strong>Vi har en introduktionskampanj under h\u00f6sten s\u00e5 passa p\u00e5 att prova att annonsera privat hos oss.<br \/>Priser fr\u00e5n 100 kronor.<\/strong><\/h4>\r\n\r\n\r\n\r\n<p><em>Vi f\u00f6rbeh\u00e5ller oss r\u00e4tten att inte inf\u00f6ra annonser med inneh\u00e5ll som strider mot svensk lagstiftning och v\u00e5ra egna kriterier. Detta \u00e4r t.ex. inte till f\u00f6r debatt eller negativa inl\u00e4gg om personer, f\u00f6retag, kommunen etc.<\/em><\/p>\r\n<div class=\"media-efter-artikeltexten media-entity-placement\" id=\"media-1024890057\"><div id=\"exempelannons\" class=\"exempelannons\" style=\"margin-left: auto;margin-right: auto;text-align: center;\"><a href=\"https:\/\/google.se\" aria-label=\"ad_placeholder\"><img loading=\"lazy\" decoding=\"async\" src=\"https:\/\/kunder.bulta.se\/mediatrio24\/wp-content\/uploads\/2024\/06\/ad_placeholder-e1725346111228.png\" alt=\"\"  srcset=\"https:\/\/kunder.bulta.se\/mediatrio24\/wp-content\/uploads\/2024\/06\/ad_placeholder-e1725346111228.png 1692w, https:\/\/kunder.bulta.se\/mediatrio24\/wp-content\/uploads\/2024\/06\/ad_placeholder-e1725346111228-300x133.png 300w, https:\/\/kunder.bulta.se\/mediatrio24\/wp-content\/uploads\/2024\/06\/ad_placeholder-e1725346111228-1024x455.png 1024w, https:\/\/kunder.bulta.se\/mediatrio24\/wp-content\/uploads\/2024\/06\/ad_placeholder-e1725346111228-768x341.png 768w, https:\/\/kunder.bulta.se\/mediatrio24\/wp-content\/uploads\/2024\/06\/ad_placeholder-e1725346111228-1536x683.png 1536w, https:\/\/kunder.bulta.se\/mediatrio24\/wp-content\/uploads\/2024\/06\/ad_placeholder-e1725346111228-1080x480.png 1080w\" sizes=\"(max-width: 1692px) 100vw, 1692px\" width=\"1692\" height=\"872\"  style=\"display: inline-block;\" \/><\/a><\/div><\/div>","protected":false},"excerpt":{"rendered":"<p>MediaTrio AB har inlett ett samarbete med Tidningsannonsen AB med v\u00e5ra med gratistidningar ValdemarsviksBladet, \u00c5tvidabergsplatsen och Gamlebyplatsen. Nu erbjuder vi er som privatpersoner och f\u00f6reningar att enkelt kan skapa er annons i ett webbaserat verktyg till en \u00f6verkomlig kostnad. Det finns tre huvudrubriker,\u00a0Privatannonser,\u00a0Sorgeannonser\u00a0och\u00a0F\u00f6reningsannonser. Under Privatannonser och Sorgeannonser finns sedan olika underrubriker som till exempel\u00a0Grattis,\u00a0Ros,\u00a0Efterlyses,\u00a0S\u00e4ljes,\u00a0\u00d6nskas hyra,\u00a0Avlidna,\u00a0Till [&hellip;]<\/p>\n","protected":false},"author":3,"featured_media":0,"parent":11400,"menu_order":0,"comment_status":"closed","ping_status":"closed","template":"","meta":{"_et_pb_use_builder":"","_et_pb_old_content":"","_et_gb_content_width":"","_exactmetrics_skip_tracking":false,"_exactmetrics_sitenote_active":false,"_exactmetrics_sitenote_note":"","_exactmetrics_sitenote_category":0,"_monsterinsights_skip_tracking":false,"_monsterinsights_sitenote_active":false,"_monsterinsights_sitenote_note":"","_monsterinsights_sitenote_category":0,"footnotes":""},"class_list":["post-10065","page","type-page","status-publish","hentry"],"yoast_head":"<!-- This site is optimized with the Yoast SEO Premium plugin v21.8 (Yoast SEO v27.3) - https:\/\/yoast.com\/product\/yoast-seo-premium-wordpress\/ -->\n<title>Boka och skapa personlig annons eller f\u00f6reningsannons - MediaTrio AB | Tidningar | Fokus p\u00e5 det lokala livet<\/title>\n<meta name=\"robots\" content=\"noindex, follow, max-snippet:-1, max-image-preview:large, max-video-preview:-1\" \/>\n<meta property=\"og:locale\" content=\"sv_SE\" \/>\n<meta property=\"og:type\" content=\"article\" \/>\n<meta property=\"og:title\" content=\"Boka och skapa personlig annons eller f\u00f6reningsannons\" \/>\n<meta property=\"og:description\" content=\"MediaTrio AB har inlett ett samarbete med Tidningsannonsen AB med v\u00e5ra med gratistidningar ValdemarsviksBladet, \u00c5tvidabergsplatsen och Gamlebyplatsen. Nu erbjuder vi er som privatpersoner och f\u00f6reningar att enkelt kan skapa er annons i ett webbaserat verktyg till en \u00f6verkomlig kostnad. Det finns tre huvudrubriker,\u00a0Privatannonser,\u00a0Sorgeannonser\u00a0och\u00a0F\u00f6reningsannonser. Under Privatannonser och Sorgeannonser finns sedan olika underrubriker som till exempel\u00a0Grattis,\u00a0Ros,\u00a0Efterlyses,\u00a0S\u00e4ljes,\u00a0\u00d6nskas hyra,\u00a0Avlidna,\u00a0Till [&hellip;]\" \/>\n<meta property=\"og:url\" content=\"https:\/\/kunder.bulta.se\/mediatrio24\/annonsera\/personlig-annons-eller-foreningsannons\/\" \/>\n<meta property=\"og:site_name\" content=\"MediaTrio AB | Tidningar | Fokus p\u00e5 det lokala livet\" \/>\n<meta property=\"article:publisher\" content=\"http:\/\/www.facebook.com\/mediatrio\" \/>\n<meta property=\"article:modified_time\" content=\"2024-06-19T14:14:33+00:00\" \/>\n<meta property=\"og:image\" content=\"https:\/\/kunder.bulta.se\/mediatrio24\/wp-content\/uploads\/2023\/08\/annonser.png\" \/>\n<meta name=\"twitter:card\" content=\"summary_large_image\" \/>\n<meta name=\"twitter:site\" content=\"@turistcenter\" \/>\n<meta name=\"twitter:label1\" content=\"Ber\u00e4knad l\u00e4stid\" \/>\n\t<meta name=\"twitter:data1\" content=\"2 minuter\" \/>\n<!-- \/ Yoast SEO Premium plugin. -->","yoast_head_json":{"title":"Boka och skapa personlig annons eller f\u00f6reningsannons - MediaTrio AB | Tidningar | Fokus p\u00e5 det lokala livet","robots":{"index":"noindex","follow":"follow","max-snippet":"max-snippet:-1","max-image-preview":"max-image-preview:large","max-video-preview":"max-video-preview:-1"},"og_locale":"sv_SE","og_type":"article","og_title":"Boka och skapa personlig annons eller f\u00f6reningsannons","og_description":"MediaTrio AB har inlett ett samarbete med Tidningsannonsen AB med v\u00e5ra med gratistidningar ValdemarsviksBladet, \u00c5tvidabergsplatsen och Gamlebyplatsen. Nu erbjuder vi er som privatpersoner och f\u00f6reningar att enkelt kan skapa er annons i ett webbaserat verktyg till en \u00f6verkomlig kostnad. Det finns tre huvudrubriker,\u00a0Privatannonser,\u00a0Sorgeannonser\u00a0och\u00a0F\u00f6reningsannonser. Under Privatannonser och Sorgeannonser finns sedan olika underrubriker som till exempel\u00a0Grattis,\u00a0Ros,\u00a0Efterlyses,\u00a0S\u00e4ljes,\u00a0\u00d6nskas hyra,\u00a0Avlidna,\u00a0Till [&hellip;]","og_url":"https:\/\/kunder.bulta.se\/mediatrio24\/annonsera\/personlig-annons-eller-foreningsannons\/","og_site_name":"MediaTrio AB | Tidningar | Fokus p\u00e5 det lokala livet","article_publisher":"http:\/\/www.facebook.com\/mediatrio","article_modified_time":"2024-06-19T14:14:33+00:00","og_image":[{"url":"https:\/\/kunder.bulta.se\/mediatrio24\/wp-content\/uploads\/2023\/08\/annonser.png","type":"","width":"","height":""}],"twitter_card":"summary_large_image","twitter_site":"@turistcenter","twitter_misc":{"Ber\u00e4knad l\u00e4stid":"2 minuter"},"schema":{"@context":"https:\/\/schema.org","@graph":[{"@type":"WebPage","@id":"https:\/\/kunder.bulta.se\/mediatrio24\/annonsera\/personlig-annons-eller-foreningsannons\/","url":"https:\/\/kunder.bulta.se\/mediatrio24\/annonsera\/personlig-annons-eller-foreningsannons\/","name":"Boka och skapa personlig annons eller f\u00f6reningsannons - MediaTrio AB | Tidningar | Fokus p\u00e5 det lokala livet","isPartOf":{"@id":"https:\/\/kunder.bulta.se\/mediatrio24\/#website"},"primaryImageOfPage":{"@id":"https:\/\/kunder.bulta.se\/mediatrio24\/annonsera\/personlig-annons-eller-foreningsannons\/#primaryimage"},"image":{"@id":"https:\/\/kunder.bulta.se\/mediatrio24\/annonsera\/personlig-annons-eller-foreningsannons\/#primaryimage"},"thumbnailUrl":"https:\/\/kunder.bulta.se\/mediatrio24\/wp-content\/uploads\/2023\/08\/annonser.png","datePublished":"2023-08-15T13:15:51+00:00","dateModified":"2024-06-19T14:14:33+00:00","breadcrumb":{"@id":"https:\/\/kunder.bulta.se\/mediatrio24\/annonsera\/personlig-annons-eller-foreningsannons\/#breadcrumb"},"inLanguage":"sv-SE","potentialAction":[{"@type":"ReadAction","target":["https:\/\/kunder.bulta.se\/mediatrio24\/annonsera\/personlig-annons-eller-foreningsannons\/"]}]},{"@type":"ImageObject","inLanguage":"sv-SE","@id":"https:\/\/kunder.bulta.se\/mediatrio24\/annonsera\/personlig-annons-eller-foreningsannons\/#primaryimage","url":"https:\/\/kunder.bulta.se\/mediatrio24\/wp-content\/uploads\/2023\/08\/annonser.png","contentUrl":"https:\/\/kunder.bulta.se\/mediatrio24\/wp-content\/uploads\/2023\/08\/annonser.png","width":945,"height":709},{"@type":"BreadcrumbList","@id":"https:\/\/kunder.bulta.se\/mediatrio24\/annonsera\/personlig-annons-eller-foreningsannons\/#breadcrumb","itemListElement":[{"@type":"ListItem","position":1,"name":"Hem","item":"https:\/\/kunder.bulta.se\/mediatrio24\/"},{"@type":"ListItem","position":2,"name":"Annonsera i Lokala Livet","item":"https:\/\/kunder.bulta.se\/mediatrio24\/annonsera\/"},{"@type":"ListItem","position":3,"name":"Boka och skapa personlig annons eller f\u00f6reningsannons"}]},{"@type":"WebSite","@id":"https:\/\/kunder.bulta.se\/mediatrio24\/#website","url":"https:\/\/kunder.bulta.se\/mediatrio24\/","name":"MediaTrio AB | Tidningar | Fokus p\u00e5 det lokala livet","description":"ValdemarsviksBladet | \u00c5tvidabergsplatsen | Gamlebyplatsen","publisher":{"@id":"https:\/\/kunder.bulta.se\/mediatrio24\/#organization"},"potentialAction":[{"@type":"SearchAction","target":{"@type":"EntryPoint","urlTemplate":"https:\/\/kunder.bulta.se\/mediatrio24\/?s={search_term_string}"},"query-input":{"@type":"PropertyValueSpecification","valueRequired":true,"valueName":"search_term_string"}}],"inLanguage":"sv-SE"},{"@type":"Organization","@id":"https:\/\/kunder.bulta.se\/mediatrio24\/#organization","name":"MediaTrio AB","url":"https:\/\/kunder.bulta.se\/mediatrio24\/","logo":{"@type":"ImageObject","inLanguage":"sv-SE","@id":"https:\/\/kunder.bulta.se\/mediatrio24\/#\/schema\/logo\/image\/","url":"https:\/\/kunder.bulta.se\/mediatrio24\/wp-content\/uploads\/2022\/08\/4BB26FAD-690D-4B82-82AC-2254E508623D.jpeg","contentUrl":"https:\/\/kunder.bulta.se\/mediatrio24\/wp-content\/uploads\/2022\/08\/4BB26FAD-690D-4B82-82AC-2254E508623D.jpeg","width":2160,"height":1232,"caption":"MediaTrio AB"},"image":{"@id":"https:\/\/kunder.bulta.se\/mediatrio24\/#\/schema\/logo\/image\/"},"sameAs":["http:\/\/www.facebook.com\/mediatrio","https:\/\/x.com\/turistcenter","http:\/\/www.facebook.com\/valdemarsviksbladet","http:\/\/www.facebook.com\/atvidabergsplatsen","http:\/\/www.facebook.com\/gamlebyplatsen","http:\/\/www.facebook.com\/valdemarsviksportalen"]}]}},"_links":{"self":[{"href":"https:\/\/kunder.bulta.se\/mediatrio24\/wp-json\/wp\/v2\/pages\/10065","targetHints":{"allow":["GET"]}}],"collection":[{"href":"https:\/\/kunder.bulta.se\/mediatrio24\/wp-json\/wp\/v2\/pages"}],"about":[{"href":"https:\/\/kunder.bulta.se\/mediatrio24\/wp-json\/wp\/v2\/types\/page"}],"author":[{"embeddable":true,"href":"https:\/\/kunder.bulta.se\/mediatrio24\/wp-json\/wp\/v2\/users\/3"}],"replies":[{"embeddable":true,"href":"https:\/\/kunder.bulta.se\/mediatrio24\/wp-json\/wp\/v2\/comments?post=10065"}],"version-history":[{"count":5,"href":"https:\/\/kunder.bulta.se\/mediatrio24\/wp-json\/wp\/v2\/pages\/10065\/revisions"}],"predecessor-version":[{"id":11404,"href":"https:\/\/kunder.bulta.se\/mediatrio24\/wp-json\/wp\/v2\/pages\/10065\/revisions\/11404"}],"up":[{"embeddable":true,"href":"https:\/\/kunder.bulta.se\/mediatrio24\/wp-json\/wp\/v2\/pages\/11400"}],"wp:attachment":[{"href":"https:\/\/kunder.bulta.se\/mediatrio24\/wp-json\/wp\/v2\/media?parent=10065"}],"curies":[{"name":"wp","href":"https:\/\/api.w.org\/{rel}","templated":true}]}}